{"id":39,"date":"2022-05-30T18:44:14","date_gmt":"2022-05-30T21:44:14","guid":{"rendered":"https:\/\/acervo.rotas.ufg.br\/museucienciasmorfologicas\/?page_id=39"},"modified":"2022-08-21T14:57:59","modified_gmt":"2022-08-21T17:57:59","slug":"institucional","status":"publish","type":"page","link":"https:\/\/acervo.rotas.ufg.br\/museucienciasmorfologicas\/institucional\/","title":{"rendered":"Institucional"},"content":{"rendered":"\t\t<div data-elementor-type=\"wp-page\" data-elementor-id=\"39\" class=\"elementor elementor-39\" data-elementor-post-type=\"page\">\n\t\t\t\t\t\t<section class=\"elementor-section elementor-top-section elementor-element elementor-element-010fe61 elementor-section-boxed elementor-section-height-default elementor-section-height-default\" data-id=\"010fe61\" data-element_type=\"section\">\n\t\t\t\t\t\t<div class=\"elementor-container elementor-column-gap-default\">\n\t\t\t\t\t<div class=\"elementor-column elementor-col-100 elementor-top-column elementor-element elementor-element-ca86786\" data-id=\"ca86786\" data-element_type=\"column\">\n\t\t\t<div class=\"elementor-widget-wrap elementor-element-populated\">\n\t\t\t\t\t\t<div class=\"elementor-element elementor-element-cd3125d elementor-widget elementor-widget-heading\" data-id=\"cd3125d\" data-element_type=\"widget\" data-widget_type=\"heading.default\">\n\t\t\t\t<div class=\"elementor-widget-container\">\n\t\t\t<style>\/*! elementor - v3.22.0 - 26-06-2024 *\/\n.elementor-heading-title{padding:0;margin:0;line-height:1}.elementor-widget-heading .elementor-heading-title[class*=elementor-size-]>a{color:inherit;font-size:inherit;line-height:inherit}.elementor-widget-heading .elementor-heading-title.elementor-size-small{font-size:15px}.elementor-widget-heading .elementor-heading-title.elementor-size-medium{font-size:19px}.elementor-widget-heading .elementor-heading-title.elementor-size-large{font-size:29px}.elementor-widget-heading .elementor-heading-title.elementor-size-xl{font-size:39px}.elementor-widget-heading .elementor-heading-title.elementor-size-xxl{font-size:59px}<\/style><h2 class=\"elementor-heading-title elementor-size-default\">Institucional<\/h2>\t\t<\/div>\n\t\t\t\t<\/div>\n\t\t\t\t\t<\/div>\n\t\t<\/div>\n\t\t\t\t\t<\/div>\n\t\t<\/section>\n\t\t\t\t<section class=\"elementor-section elementor-top-section elementor-element elementor-element-3ee59b4 elementor-section-boxed elementor-section-height-default elementor-section-height-default\" data-id=\"3ee59b4\" data-element_type=\"section\">\n\t\t\t\t\t\t<div class=\"elementor-container elementor-column-gap-default\">\n\t\t\t\t\t<div class=\"elementor-column elementor-col-100 elementor-top-column elementor-element elementor-element-7280989\" data-id=\"7280989\" data-element_type=\"column\">\n\t\t\t<div class=\"elementor-widget-wrap elementor-element-populated\">\n\t\t\t\t\t\t<div class=\"elementor-element elementor-element-eec6940 elementor-vertical-align-middle elementor-widget elementor-widget-image-box\" data-id=\"eec6940\" data-element_type=\"widget\" data-widget_type=\"image-box.default\">\n\t\t\t\t<div class=\"elementor-widget-container\">\n\t\t\t<style>\/*! elementor - v3.22.0 - 26-06-2024 *\/\n.elementor-widget-image-box .elementor-image-box-content{width:100%}@media (min-width:768px){.elementor-widget-image-box.elementor-position-left .elementor-image-box-wrapper,.elementor-widget-image-box.elementor-position-right .elementor-image-box-wrapper{display:flex}.elementor-widget-image-box.elementor-position-right .elementor-image-box-wrapper{text-align:end;flex-direction:row-reverse}.elementor-widget-image-box.elementor-position-left .elementor-image-box-wrapper{text-align:start;flex-direction:row}.elementor-widget-image-box.elementor-position-top .elementor-image-box-img{margin:auto}.elementor-widget-image-box.elementor-vertical-align-top .elementor-image-box-wrapper{align-items:flex-start}.elementor-widget-image-box.elementor-vertical-align-middle .elementor-image-box-wrapper{align-items:center}.elementor-widget-image-box.elementor-vertical-align-bottom .elementor-image-box-wrapper{align-items:flex-end}}@media (max-width:767px){.elementor-widget-image-box .elementor-image-box-img{margin-left:auto!important;margin-right:auto!important;margin-bottom:15px}}.elementor-widget-image-box .elementor-image-box-img{display:inline-block}.elementor-widget-image-box .elementor-image-box-title a{color:inherit}.elementor-widget-image-box .elementor-image-box-wrapper{text-align:center}.elementor-widget-image-box .elementor-image-box-description{margin:0}<\/style><div class=\"elementor-image-box-wrapper\"><div class=\"elementor-image-box-content\"><p class=\"elementor-image-box-description\">O Museu Comunit\u00e1rio de Ci\u00eancias Morfol\u00f3gicas Arlindo Coelho de Souza (MCM) localizado no Departamento de Morfologia (DMORF), do Instituto de Ci\u00eancias Biol\u00f3gicas (ICB), da Universidade Federal de Goi\u00e1s (UFG), foi criado oficialmente em 2011 em homenagem ao T\u00e9cnico do Laborat\u00f3rio de Anatomia Animal, Arlindo Coelho de Souza, pela sua contribui\u00e7\u00e3o ao iniciar a prepara\u00e7\u00e3o das primeiras pe\u00e7as anat\u00f4micas que hoje comp\u00f5em a sua cole\u00e7\u00e3o. Assim, o surgimento do seu acervo ocorreu a partir do trabalho coletivo de professores e t\u00e9cnicos do DMORF que, desde 1975, dedicaram seu tempo a prepara\u00e7\u00e3o e a disseca\u00e7\u00e3o de pe\u00e7as anat\u00f4micas humanas e animais, utilizadas em v\u00e1rias a\u00e7\u00f5es de extens\u00e3o, realizadas pelo departamento de morfologia, junto \u00e0 comunidade. Desta forma, desde a sua cria\u00e7\u00e3o, tem recebido com frequ\u00eancia a comunidade geral e acad\u00eamica, com p\u00fablico formado principalmente por estudantes interessados em ampliar seus conhecimentos sobre o corpo humano e animal, contribuindo assim para a socializa\u00e7\u00e3o do conhecimento cient\u00edfico.\n<br>\nAtualmente, o acervo do Museu Comunit\u00e1rio de Ci\u00eancias Morfol\u00f3gicas Arlindo Coelho de Souza (MCM- ICB\/UFG) foi ampliado e diversificado e possui v\u00e1rias pe\u00e7as anat\u00f4micas humanas e animais, previamente fixadas e dissecadas, para possibilitar a visualiza\u00e7\u00e3o de cada um dos sistemas do corpo humano e animal. Atuando tamb\u00e9m como uma ferramenta metodol\u00f3gica de aprendizagem sobre o corpo humano e animal, bem como na difus\u00e3o e divulga\u00e7\u00e3o do conhecimento cient\u00edfico, ele \u00e9 um convite \u00e0 comunidade local e regional integrando-a ao ambiente da Universidade, funcionando como um espa\u00e7o n\u00e3o formal de aprendizagem sobre a anatomia do corpo humano e animal, al\u00e9m de contribuir para a forma\u00e7\u00e3o \u00e9tica e moral dos visitantes.\nAberto a visitas semanais, o MCM-ICB\/UFG tem recebido estudantes do ensino fundamental e m\u00e9dio de escolas particulares e p\u00fablicas, estudantes de gradua\u00e7\u00e3o e de cursos t\u00e9cnicos, oportunizando aos seus visitantes momentos de aprendizagem atrav\u00e9s da observa\u00e7\u00e3o do acervo museol\u00f3gico, sob a orienta\u00e7\u00e3o de docentes e monitores de anatomia engajados no processo ensino-aprendizagem e na socializa\u00e7\u00e3o e divulga\u00e7\u00e3o do conhecimento cient\u00edfico.<\/p><\/div><\/div>\t\t<\/div>\n\t\t\t\t<\/div>\n\t\t\t\t\t<\/div>\n\t\t<\/div>\n\t\t\t\t\t<\/div>\n\t\t<\/section>\n\t\t\t\t<\/div>\n\t\t","protected":false},"excerpt":{"rendered":"<p>\/*! elementor &#8211; v3.6.5 &#8211; 27-04-2022 *\/ .elementor-heading-title{padding:0;margin:0;line-height:1}.elementor-widget-heading .elementor-heading-title[class*=elementor-size-]&gt;a{color:inherit;font-size:inherit;line-height:inherit}.elementor-widget-heading .elementor-heading-title.elementor-size-small{font-size:15px}.elementor-widget-heading .elementor-heading-title.elementor-size-medium{font-size:19px}.elementor-widget-heading .elementor-heading-title.elementor-size-large{font-size:29px}.elementor-widget-heading .elementor-heading-title.elementor-size-xl{font-size:39px}.elementor-widget-heading .elementor-heading-title.elementor-size-xxl{font-size:59px} Institucional \/*! elementor &#8211; v3.6.5 &#8211; 27-04-2022 *\/ .elementor-widget-image-box .elementor-image-box-content{width:100%}@media (min-width:768px){.elementor-widget-image-box.elementor-position-left .elementor-image-box-wrapper,.elementor-widget-image-box.elementor-position-right .elementor-image-box-wrapper{display:-webkit-box;display:-ms-flexbox;display:flex}.elementor-widget-image-box.elementor-position-right .elementor-image-box-wrapper{text-align:right;-webkit-box-orient:horizontal;-webkit-box-direction:reverse;-ms-flex-direction:row-reverse;flex-direction:row-reverse}.elementor-widget-image-box.elementor-position-left .elementor-image-box-wrapper{text-align:left;-webkit-box-orient:horizontal;-webkit-box-direction:normal;-ms-flex-direction:row;flex-direction:row}.elementor-widget-image-box.elementor-position-top .elementor-image-box-img{margin:auto}.elementor-widget-image-box.elementor-vertical-align-top .elementor-image-box-wrapper{-webkit-box-align:start;-ms-flex-align:start;align-items:flex-start}.elementor-widget-image-box.elementor-vertical-align-middle .elementor-image-box-wrapper{-webkit-box-align:center;-ms-flex-align:center;align-items:center}.elementor-widget-image-box.elementor-vertical-align-bottom .elementor-image-box-wrapper{-webkit-box-align:end;-ms-flex-align:end;align-items:flex-end}}@media (max-width:767px){.elementor-widget-image-box .elementor-image-box-img{margin-left:auto!important;margin-right:auto!important;margin-bottom:15px}}.elementor-widget-image-box .elementor-image-box-img{display:inline-block}.elementor-widget-image-box .elementor-image-box-title a{color:inherit}.elementor-widget-image-box .elementor-image-box-wrapper{text-align:center}.elementor-widget-image-box .elementor-image-box-description{margin:0} O Museu Comunit\u00e1rio de Ci\u00eancias Morfol\u00f3gicas Arlindo Coelho de Souza (MCM) localizado no Departamento de [&hellip;]<\/p>\n","protected":false},"author":1,"featured_media":0,"parent":0,"menu_order":0,"comment_status":"closed","ping_status":"closed","template":"elementor_header_footer","meta":{"footnotes":""},"_links":{"self":[{"href":"https:\/\/acervo.rotas.ufg.br\/museucienciasmorfologicas\/wp-json\/wp\/v2\/pages\/39"}],"collection":[{"href":"https:\/\/acervo.rotas.ufg.br\/museucienciasmorfologicas\/wp-json\/wp\/v2\/pages"}],"about":[{"href":"https:\/\/acervo.rotas.ufg.br\/museucienciasmorfologicas\/wp-json\/wp\/v2\/types\/page"}],"author":[{"embeddable":true,"href":"https:\/\/acervo.rotas.ufg.br\/museucienciasmorfologicas\/wp-json\/wp\/v2\/users\/1"}],"replies":[{"embeddable":true,"href":"https:\/\/acervo.rotas.ufg.br\/museucienciasmorfologicas\/wp-json\/wp\/v2\/comments?post=39"}],"version-history":[{"count":37,"href":"https:\/\/acervo.rotas.ufg.br\/museucienciasmorfologicas\/wp-json\/wp\/v2\/pages\/39\/revisions"}],"predecessor-version":[{"id":3020,"href":"https:\/\/acervo.rotas.ufg.br\/museucienciasmorfologicas\/wp-json\/wp\/v2\/pages\/39\/revisions\/3020"}],"wp:attachment":[{"href":"https:\/\/acervo.rotas.ufg.br\/museucienciasmorfologicas\/wp-json\/wp\/v2\/media?parent=39"}],"curies":[{"name":"wp","href":"https:\/\/api.w.org\/{rel}","templated":true}]}}