{"id":16,"date":"2022-05-30T18:37:01","date_gmt":"2022-05-30T21:37:01","guid":{"rendered":"https:\/\/acervo.rotas.ufg.br\/museudoinf\/?page_id=16"},"modified":"2022-09-01T08:05:35","modified_gmt":"2022-09-01T11:05:35","slug":"inicio","status":"publish","type":"page","link":"https:\/\/acervo.rotas.ufg.br\/museudoinf\/","title":{"rendered":"Inicio"},"content":{"rendered":"\t\t<div data-elementor-type=\"wp-post\" data-elementor-id=\"16\" class=\"elementor elementor-16\" data-elementor-post-type=\"page\">\n\t\t\t\t\t\t<section class=\"elementor-section elementor-top-section elementor-element elementor-element-0db1b27 elementor-section-full_width elementor-section-height-default elementor-section-height-default\" data-id=\"0db1b27\" data-element_type=\"section\">\n\t\t\t\t\t\t<div class=\"elementor-container elementor-column-gap-default\">\n\t\t\t\t\t<div class=\"elementor-column elementor-col-100 elementor-top-column elementor-element elementor-element-fdad8ca\" data-id=\"fdad8ca\" data-element_type=\"column\">\n\t\t\t<div class=\"elementor-widget-wrap elementor-element-populated\">\n\t\t\t\t\t\t<div class=\"elementor-element elementor-element-875b47f elementor--h-position-center elementor--v-position-middle elementor-arrows-position-inside elementor-pagination-position-inside elementor-widget elementor-widget-slides\" data-id=\"875b47f\" data-element_type=\"widget\" data-settings=\"{&quot;navigation&quot;:&quot;both&quot;,&quot;autoplay&quot;:&quot;yes&quot;,&quot;pause_on_hover&quot;:&quot;yes&quot;,&quot;pause_on_interaction&quot;:&quot;yes&quot;,&quot;autoplay_speed&quot;:5000,&quot;infinite&quot;:&quot;yes&quot;,&quot;transition&quot;:&quot;slide&quot;,&quot;transition_speed&quot;:500}\" data-widget_type=\"slides.default\">\n\t\t\t\t<div class=\"elementor-widget-container\">\n\t\t\t<style>\/*! elementor-pro - v3.15.0 - 09-08-2023 *\/\n.elementor-slides .swiper-slide-bg{background-size:cover;background-position:50%;background-repeat:no-repeat;min-width:100%;min-height:100%}.elementor-slides .swiper-slide-inner{background-repeat:no-repeat;background-position:50%;position:absolute;top:0;left:0;bottom:0;right:0;padding:50px;margin:auto}.elementor-slides .swiper-slide-inner,.elementor-slides .swiper-slide-inner:hover{color:#fff;display:flex}.elementor-slides .swiper-slide-inner .elementor-background-overlay{position:absolute;z-index:0;top:0;bottom:0;left:0;right:0}.elementor-slides .swiper-slide-inner .elementor-slide-content{position:relative;z-index:1;width:100%}.elementor-slides .swiper-slide-inner .elementor-slide-heading{font-size:35px;font-weight:700;line-height:1}.elementor-slides .swiper-slide-inner .elementor-slide-description{font-size:17px;line-height:1.4}.elementor-slides .swiper-slide-inner .elementor-slide-description:not(:last-child),.elementor-slides .swiper-slide-inner .elementor-slide-heading:not(:last-child){margin-bottom:30px}.elementor-slides .swiper-slide-inner .elementor-slide-button{border:2px solid #fff;color:#fff;background:transparent;display:inline-block}.elementor-slides .swiper-slide-inner .elementor-slide-button,.elementor-slides .swiper-slide-inner .elementor-slide-button:hover{background:transparent;color:inherit;text-decoration:none}.elementor--v-position-top .swiper-slide-inner{align-items:flex-start}.elementor--v-position-bottom .swiper-slide-inner{align-items:flex-end}.elementor--v-position-middle .swiper-slide-inner{align-items:center}.elementor--h-position-left .swiper-slide-inner{justify-content:flex-start}.elementor--h-position-right .swiper-slide-inner{justify-content:flex-end}.elementor--h-position-center .swiper-slide-inner{justify-content:center}body.rtl .elementor-widget-slides .elementor-swiper-button-next{left:10px;right:auto}body.rtl .elementor-widget-slides .elementor-swiper-button-prev{right:10px;left:auto}.elementor-slides-wrapper div:not(.swiper-slide)>.swiper-slide-inner{display:none}@media (max-width:767px){.elementor-slides .swiper-slide-inner{padding:30px}.elementor-slides .swiper-slide-inner .elementor-slide-heading{font-size:23px;line-height:1;margin-bottom:15px}.elementor-slides .swiper-slide-inner .elementor-slide-description{font-size:13px;line-height:1.4;margin-bottom:15px}}<\/style>\t\t<div class=\"elementor-swiper\">\n\t\t\t<div class=\"elementor-slides-wrapper elementor-main-swiper swiper\" dir=\"ltr\" data-animation=\"fadeInUp\">\n\t\t\t\t<div class=\"swiper-wrapper elementor-slides\">\n\t\t\t\t\t\t\t\t\t\t<div class=\"elementor-repeater-item-258f703 swiper-slide\"><div class=\"swiper-slide-bg\" role=\"img\"><\/div><div class=\"swiper-slide-inner\" ><div class=\"swiper-slide-contents\"><\/div><\/div><\/div>\t\t\t\t<\/div>\n\t\t\t\t\t\t\t<\/div>\n\t\t<\/div>\n\t\t\t\t<\/div>\n\t\t\t\t<\/div>\n\t\t\t\t\t<\/div>\n\t\t<\/div>\n\t\t\t\t\t<\/div>\n\t\t<\/section>\n\t\t\t\t<section class=\"elementor-section elementor-top-section elementor-element elementor-element-9ba987c elementor-section-boxed elementor-section-height-default elementor-section-height-default\" data-id=\"9ba987c\" data-element_type=\"section\">\n\t\t\t\t\t\t<div class=\"elementor-container elementor-column-gap-default\">\n\t\t\t\t\t<div class=\"elementor-column elementor-col-100 elementor-top-column elementor-element elementor-element-f33d0b9\" data-id=\"f33d0b9\" data-element_type=\"column\">\n\t\t\t<div class=\"elementor-widget-wrap elementor-element-populated\">\n\t\t\t\t\t\t<div class=\"elementor-element elementor-element-b7e49a4 elementor-widget elementor-widget-heading\" data-id=\"b7e49a4\" data-element_type=\"widget\" data-widget_type=\"heading.default\">\n\t\t\t\t<div class=\"elementor-widget-container\">\n\t\t\t<style>\/*! elementor - v3.22.0 - 26-06-2024 *\/\n.elementor-heading-title{padding:0;margin:0;line-height:1}.elementor-widget-heading .elementor-heading-title[class*=elementor-size-]>a{color:inherit;font-size:inherit;line-height:inherit}.elementor-widget-heading .elementor-heading-title.elementor-size-small{font-size:15px}.elementor-widget-heading .elementor-heading-title.elementor-size-medium{font-size:19px}.elementor-widget-heading .elementor-heading-title.elementor-size-large{font-size:29px}.elementor-widget-heading .elementor-heading-title.elementor-size-xl{font-size:39px}.elementor-widget-heading .elementor-heading-title.elementor-size-xxl{font-size:59px}<\/style><h2 class=\"elementor-heading-title elementor-size-default\">NOVIDADES<\/h2>\t\t<\/div>\n\t\t\t\t<\/div>\n\t\t\t\t<div class=\"elementor-element elementor-element-fb9a220 elementor-arrows-position-inside elementor-pagination-position-outside elementor-widget elementor-widget-image-carousel\" data-id=\"fb9a220\" data-element_type=\"widget\" data-settings=\"{&quot;navigation&quot;:&quot;both&quot;,&quot;autoplay&quot;:&quot;yes&quot;,&quot;pause_on_hover&quot;:&quot;yes&quot;,&quot;pause_on_interaction&quot;:&quot;yes&quot;,&quot;autoplay_speed&quot;:5000,&quot;infinite&quot;:&quot;yes&quot;,&quot;speed&quot;:500}\" data-widget_type=\"image-carousel.default\">\n\t\t\t\t<div class=\"elementor-widget-container\">\n\t\t\t<style>\/*! elementor - v3.22.0 - 26-06-2024 *\/\n.elementor-widget-image-carousel .swiper,.elementor-widget-image-carousel .swiper-container{position:static}.elementor-widget-image-carousel .swiper-container .swiper-slide figure,.elementor-widget-image-carousel .swiper .swiper-slide figure{line-height:inherit}.elementor-widget-image-carousel .swiper-slide{text-align:center}.elementor-image-carousel-wrapper:not(.swiper-container-initialized):not(.swiper-initialized) .swiper-slide{max-width:calc(100% \/ var(--e-image-carousel-slides-to-show, 3))}<\/style>\t\t<div class=\"elementor-image-carousel-wrapper swiper\" dir=\"ltr\">\n\t\t\t<div class=\"elementor-image-carousel swiper-wrapper\" aria-live=\"off\">\n\t\t\t\t\t\t\t\t<div class=\"swiper-slide\" role=\"group\" aria-roledescription=\"slide\" aria-label=\"1 de 11\"><figure class=\"swiper-slide-inner\"><img decoding=\"async\" class=\"swiper-slide-image\" src=\"https:\/\/acervo.rotas.ufg.br\/museudoinf\/wp-content\/uploads\/sites\/15\/tainacan-items\/1469\/3657\/IMG_7068-2048x1365.jpg\" alt=\"Impressora Matricial epson LQ 570+\" \/><\/figure><\/div><div class=\"swiper-slide\" role=\"group\" aria-roledescription=\"slide\" aria-label=\"2 de 11\"><figure class=\"swiper-slide-inner\"><img decoding=\"async\" class=\"swiper-slide-image\" src=\"https:\/\/acervo.rotas.ufg.br\/museudoinf\/wp-content\/uploads\/sites\/15\/tainacan-items\/745\/1366\/IMG_9493-2048x1365.jpg\" alt=\"Computador Pessoal CP500\" \/><\/figure><\/div><div class=\"swiper-slide\" role=\"group\" aria-roledescription=\"slide\" aria-label=\"3 de 11\"><figure class=\"swiper-slide-inner\"><img decoding=\"async\" class=\"swiper-slide-image\" src=\"https:\/\/acervo.rotas.ufg.br\/museudoinf\/wp-content\/uploads\/sites\/15\/tainacan-items\/745\/1139\/IMG_9542-2048x1365.jpg\" alt=\"Cart\u00e3o Perfurado IBM\" \/><\/figure><\/div><div class=\"swiper-slide\" role=\"group\" aria-roledescription=\"slide\" aria-label=\"4 de 11\"><figure class=\"swiper-slide-inner\"><img decoding=\"async\" class=\"swiper-slide-image\" src=\"https:\/\/acervo.rotas.ufg.br\/museudoinf\/wp-content\/uploads\/sites\/15\/tainacan-items\/3221\/3230\/IMG_6835-2048x1365.jpg\" alt=\"Telefone Imbratele\" \/><\/figure><\/div><div class=\"swiper-slide\" role=\"group\" aria-roledescription=\"slide\" aria-label=\"5 de 11\"><figure class=\"swiper-slide-inner\"><img decoding=\"async\" class=\"swiper-slide-image\" src=\"https:\/\/acervo.rotas.ufg.br\/museudoinf\/wp-content\/uploads\/sites\/15\/tainacan-items\/745\/1227\/IMG_9314-2048x1365.jpg\" alt=\"Palm TX\" \/><\/figure><\/div><div class=\"swiper-slide\" role=\"group\" aria-roledescription=\"slide\" aria-label=\"6 de 11\"><figure class=\"swiper-slide-inner\"><img decoding=\"async\" class=\"swiper-slide-image\" src=\"https:\/\/acervo.rotas.ufg.br\/museudoinf\/wp-content\/uploads\/sites\/15\/tainacan-items\/745\/1182\/IMG_9268-2048x1365.jpg\" alt=\"Computador Pessoal CP400 Color\" \/><\/figure><\/div><div class=\"swiper-slide\" role=\"group\" aria-roledescription=\"slide\" aria-label=\"7 de 11\"><figure class=\"swiper-slide-inner\"><img decoding=\"async\" class=\"swiper-slide-image\" src=\"https:\/\/acervo.rotas.ufg.br\/museudoinf\/wp-content\/uploads\/sites\/15\/tainacan-items\/745\/1076\/IMG_9506-2048x1365.jpg\" alt=\"Monitor Samsung Syncmaster753DFX\" \/><\/figure><\/div><div class=\"swiper-slide\" role=\"group\" aria-roledescription=\"slide\" aria-label=\"8 de 11\"><figure class=\"swiper-slide-inner\"><img decoding=\"async\" class=\"swiper-slide-image\" src=\"https:\/\/acervo.rotas.ufg.br\/museudoinf\/wp-content\/uploads\/sites\/15\/tainacan-items\/745\/852\/IMG_9517-2048x1365.jpg\" alt=\"Computador Pessoal TK 82-C\" \/><\/figure><\/div><div class=\"swiper-slide\" role=\"group\" aria-roledescription=\"slide\" aria-label=\"9 de 11\"><figure class=\"swiper-slide-inner\"><img decoding=\"async\" class=\"swiper-slide-image\" src=\"https:\/\/acervo.rotas.ufg.br\/museudoinf\/wp-content\/uploads\/sites\/15\/2022\/08\/IMG_6864-2048x1365.jpg\" alt=\"Modem RHEDE RD32\" \/><\/figure><\/div><div class=\"swiper-slide\" role=\"group\" aria-roledescription=\"slide\" aria-label=\"10 de 11\"><figure class=\"swiper-slide-inner\"><img decoding=\"async\" class=\"swiper-slide-image\" src=\"https:\/\/acervo.rotas.ufg.br\/museudoinf\/wp-content\/uploads\/sites\/15\/2022\/08\/IMG_6858-2048x1365.jpg\" alt=\"Protoboard\" \/><\/figure><\/div><div class=\"swiper-slide\" role=\"group\" aria-roledescription=\"slide\" aria-label=\"11 de 11\"><figure class=\"swiper-slide-inner\"><img decoding=\"async\" class=\"swiper-slide-image\" src=\"https:\/\/acervo.rotas.ufg.br\/museudoinf\/wp-content\/uploads\/sites\/15\/tainacan-items\/745\/4283\/IMG_9500-2048x1719.jpg\" alt=\"PC Unitron AP II\" \/><\/figure><\/div>\t\t\t<\/div>\n\t\t\t\t\t\t\t\t\t\t\t\t<div class=\"elementor-swiper-button elementor-swiper-button-prev\" role=\"button\" tabindex=\"0\">\n\t\t\t\t\t\t<i aria-hidden=\"true\" class=\"eicon-chevron-left\"><\/i>\t\t\t\t\t<\/div>\n\t\t\t\t\t<div class=\"elementor-swiper-button elementor-swiper-button-next\" role=\"button\" tabindex=\"0\">\n\t\t\t\t\t\t<i aria-hidden=\"true\" class=\"eicon-chevron-right\"><\/i>\t\t\t\t\t<\/div>\n\t\t\t\t\n\t\t\t\t\t\t\t\t\t<div class=\"swiper-pagination\"><\/div>\n\t\t\t\t\t\t\t\t\t<\/div>\n\t\t\t\t<\/div>\n\t\t\t\t<\/div>\n\t\t\t\t\t<\/div>\n\t\t<\/div>\n\t\t\t\t\t<\/div>\n\t\t<\/section>\n\t\t\t\t<section class=\"elementor-section elementor-top-section elementor-element elementor-element-800e705 elementor-section-boxed elementor-section-height-default elementor-section-height-default\" data-id=\"800e705\" data-element_type=\"section\">\n\t\t\t\t\t\t<div class=\"elementor-container elementor-column-gap-default\">\n\t\t\t\t\t<div class=\"elementor-column elementor-col-50 elementor-top-column elementor-element elementor-element-0443c26\" data-id=\"0443c26\" data-element_type=\"column\">\n\t\t\t<div class=\"elementor-widget-wrap elementor-element-populated\">\n\t\t\t\t\t\t<div class=\"elementor-element elementor-element-09ea848 elementor-widget elementor-widget-image\" data-id=\"09ea848\" data-element_type=\"widget\" data-widget_type=\"image.default\">\n\t\t\t\t<div class=\"elementor-widget-container\">\n\t\t\t<style>\/*! elementor - v3.22.0 - 26-06-2024 *\/\n.elementor-widget-image{text-align:center}.elementor-widget-image a{display:inline-block}.elementor-widget-image a img[src$=\".svg\"]{width:48px}.elementor-widget-image img{vertical-align:middle;display:inline-block}<\/style>\t\t\t\t\t\t\t\t\t\t\t<a href=\"https:\/\/acervo.rotas.ufg.br\/museudoinf\/inf\/?view_mode=cards&#038;perpage=12&#038;paged=1&#038;order=ASC&#038;orderby=date&#038;fetch_only=thumbnail%2Ccreation_date%2Ctitle%2Cdescription&#038;fetch_only_meta=\">\n\t\t\t\t\t\t\t<img fetchpriority=\"high\" decoding=\"async\" width=\"768\" height=\"887\" src=\"https:\/\/acervo.rotas.ufg.br\/museudoinf\/wp-content\/uploads\/sites\/15\/2022\/08\/inf1-1-768x887.png\" class=\"attachment-medium_large size-medium_large wp-image-4057\" alt=\"\" srcset=\"https:\/\/acervo.rotas.ufg.br\/museudoinf\/wp-content\/uploads\/sites\/15\/2022\/08\/inf1-1-768x887.png 768w, https:\/\/acervo.rotas.ufg.br\/museudoinf\/wp-content\/uploads\/sites\/15\/2022\/08\/inf1-1-260x300.png 260w, https:\/\/acervo.rotas.ufg.br\/museudoinf\/wp-content\/uploads\/sites\/15\/2022\/08\/inf1-1-886x1024.png 886w, https:\/\/acervo.rotas.ufg.br\/museudoinf\/wp-content\/uploads\/sites\/15\/2022\/08\/inf1-1-1330x1536.png 1330w, https:\/\/acervo.rotas.ufg.br\/museudoinf\/wp-content\/uploads\/sites\/15\/2022\/08\/inf1-1-205x237.png 205w, https:\/\/acervo.rotas.ufg.br\/museudoinf\/wp-content\/uploads\/sites\/15\/2022\/08\/inf1-1.png 1334w\" sizes=\"(max-width: 768px) 100vw, 768px\" \/>\t\t\t\t\t\t\t\t<\/a>\n\t\t\t\t\t\t\t\t\t\t\t\t\t<\/div>\n\t\t\t\t<\/div>\n\t\t\t\t<div class=\"elementor-element elementor-element-0ea4fec elementor-widget elementor-widget-text-editor\" data-id=\"0ea4fec\" data-element_type=\"widget\" data-widget_type=\"text-editor.default\">\n\t\t\t\t<div class=\"elementor-widget-container\">\n\t\t\t<style>\/*! elementor - v3.22.0 - 26-06-2024 *\/\n.elementor-widget-text-editor.elementor-drop-cap-view-stacked .elementor-drop-cap{background-color:#69727d;color:#fff}.elementor-widget-text-editor.elementor-drop-cap-view-framed .elementor-drop-cap{color:#69727d;border:3px solid;background-color:transparent}.elementor-widget-text-editor:not(.elementor-drop-cap-view-default) .elementor-drop-cap{margin-top:8px}.elementor-widget-text-editor:not(.elementor-drop-cap-view-default) .elementor-drop-cap-letter{width:1em;height:1em}.elementor-widget-text-editor .elementor-drop-cap{float:left;text-align:center;line-height:1;font-size:50px}.elementor-widget-text-editor .elementor-drop-cap-letter{display:inline-block}<\/style>\t\t\t\t<p><span style=\"color: #ffffff\">Lan\u00e7amento do Portal do Museu do INF.<\/span><\/p><p><span style=\"color: #ffffff\">O\u00a0Museu de Inform\u00e1tica e Computa\u00e7\u00e3o traz para o p\u00fablico um pouco da hist\u00f3ria do desenvolvimento da Inform\u00e1tica e da Computa\u00e7\u00e3o no Brasil e no mundo. O seu acervo inclui exemplares de equipamentos antigos de inform\u00e1tica, diversos tipos de m\u00eddia utilizados para entrada e sa\u00edda de dados e manuais de opera\u00e7\u00e3o de alguns dos primeiros microcomputadores lan\u00e7ados no Brasil. Uma se\u00e7\u00e3o interativa do museu apresenta tamb\u00e9m alguns dos programas de computador que marcaram gera\u00e7\u00f5es de aficionados por computa\u00e7\u00e3o.\u00a0<\/span><\/p><p><span style=\"color: #ffffff\">Saiba mais sobre a hist\u00f3ria do museu clickando <span style=\"text-decoration: underline\"><a href=\"https:\/\/acervo.rotas.ufg.br\/museudoinf\/institucional\/\">aqui<\/a><\/span>.<\/span><\/p>\t\t\t\t\t\t<\/div>\n\t\t\t\t<\/div>\n\t\t\t\t\t<\/div>\n\t\t<\/div>\n\t\t\t\t<div class=\"elementor-column elementor-col-50 elementor-top-column elementor-element elementor-element-62b3c9c\" data-id=\"62b3c9c\" data-element_type=\"column\">\n\t\t\t<div class=\"elementor-widget-wrap elementor-element-populated\">\n\t\t\t\t\t\t<div class=\"elementor-element elementor-element-f6b4d36 elementor-widget elementor-widget-image\" data-id=\"f6b4d36\" data-element_type=\"widget\" data-widget_type=\"image.default\">\n\t\t\t\t<div class=\"elementor-widget-container\">\n\t\t\t\t\t\t\t\t\t\t\t\t\t\t<a href=\"https:\/\/rotas.ufg.br\/\">\n\t\t\t\t\t\t\t<img decoding=\"async\" width=\"632\" height=\"731\" src=\"https:\/\/acervo.rotas.ufg.br\/museudoinf\/wp-content\/uploads\/sites\/15\/2022\/08\/lancamento-rotas-9.png\" class=\"attachment-medium_large size-medium_large wp-image-3913\" alt=\"\" srcset=\"https:\/\/acervo.rotas.ufg.br\/museudoinf\/wp-content\/uploads\/sites\/15\/2022\/08\/lancamento-rotas-9.png 632w, https:\/\/acervo.rotas.ufg.br\/museudoinf\/wp-content\/uploads\/sites\/15\/2022\/08\/lancamento-rotas-9-259x300.png 259w, https:\/\/acervo.rotas.ufg.br\/museudoinf\/wp-content\/uploads\/sites\/15\/2022\/08\/lancamento-rotas-9-205x237.png 205w\" sizes=\"(max-width: 632px) 100vw, 632px\" \/>\t\t\t\t\t\t\t\t<\/a>\n\t\t\t\t\t\t\t\t\t\t\t\t\t<\/div>\n\t\t\t\t<\/div>\n\t\t\t\t<div class=\"elementor-element elementor-element-149dfb1 elementor-widget elementor-widget-text-editor\" data-id=\"149dfb1\" data-element_type=\"widget\" data-widget_type=\"text-editor.default\">\n\t\t\t\t<div class=\"elementor-widget-container\">\n\t\t\t\t\t\t\t<p><span style=\"color: #ffffff\">Lan\u00e7amento do Portal Rotas do Conhecimento da UFG.<\/span><\/p><p><span style=\"color: #ffffff\">O projeto Rotas do Conhecimento se trata de um reposit\u00f3rio digital composto por diversos acervos de museus e laborat\u00f3rios da Universidade Federal de Goi\u00e1s (UFG), que visa propiciar aos usu\u00e1rios uma navega\u00e7\u00e3o intuitiva e f\u00e1cil para que possam conhecer a estrutura da universidade na produ\u00e7\u00e3o cient\u00edfica, divulga\u00e7\u00e3o e populariza\u00e7\u00e3o da ci\u00eancia. Atuando tamb\u00e9m como um portal de acesso a acervos e oportunidades formativas voltadas, em particular, para a rede de educa\u00e7\u00e3o b\u00e1sica goiana (professores, gestores e estudantes), mas tamb\u00e9m \u00e0 comunidade em geral.<\/span><\/p>\t\t\t\t\t\t<\/div>\n\t\t\t\t<\/div>\n\t\t\t\t\t<\/div>\n\t\t<\/div>\n\t\t\t\t\t<\/div>\n\t\t<\/section>\n\t\t\t\t<section class=\"elementor-section elementor-top-section elementor-element elementor-element-19ad6b4 elementor-section-boxed elementor-section-height-default elementor-section-height-default\" data-id=\"19ad6b4\" data-element_type=\"section\">\n\t\t\t\t\t\t<div class=\"elementor-container elementor-column-gap-default\">\n\t\t\t\t\t<div class=\"elementor-column elementor-col-100 elementor-top-column elementor-element elementor-element-ddb218b\" data-id=\"ddb218b\" data-element_type=\"column\">\n\t\t\t<div class=\"elementor-widget-wrap elementor-element-populated\">\n\t\t\t\t\t\t<div class=\"elementor-element elementor-element-ea1119b elementor-widget elementor-widget-heading\" data-id=\"ea1119b\" data-element_type=\"widget\" data-widget_type=\"heading.default\">\n\t\t\t\t<div class=\"elementor-widget-container\">\n\t\t\t<h2 class=\"elementor-heading-title elementor-size-default\">aCERVOS<\/h2>\t\t<\/div>\n\t\t\t\t<\/div>\n\t\t\t\t\t<\/div>\n\t\t<\/div>\n\t\t\t\t\t<\/div>\n\t\t<\/section>\n\t\t\t\t<section class=\"elementor-section elementor-top-section elementor-element elementor-element-736c566 elementor-section-boxed elementor-section-height-default elementor-section-height-default\" data-id=\"736c566\" data-element_type=\"section\">\n\t\t\t\t\t\t<div class=\"elementor-container elementor-column-gap-default\">\n\t\t\t\t\t<div class=\"elementor-column elementor-col-100 elementor-top-column elementor-element elementor-element-bb5189f\" data-id=\"bb5189f\" data-element_type=\"column\">\n\t\t\t<div class=\"elementor-widget-wrap elementor-element-populated\">\n\t\t\t\t\t\t<div class=\"elementor-element elementor-element-d3c7311 elementor-widget elementor-widget-image\" data-id=\"d3c7311\" data-element_type=\"widget\" data-widget_type=\"image.default\">\n\t\t\t\t<div class=\"elementor-widget-container\">\n\t\t\t\t\t\t\t\t\t\t\t\t\t\t<a href=\"https:\/\/acervo.rotas.ufg.br\/museudoinf\/inf\">\n\t\t\t\t\t\t\t<img decoding=\"async\" width=\"1024\" height=\"209\" src=\"https:\/\/acervo.rotas.ufg.br\/museudoinf\/wp-content\/uploads\/sites\/15\/2022\/05\/Acervos-1024x209.png\" class=\"attachment-large size-large wp-image-168\" alt=\"\" srcset=\"https:\/\/acervo.rotas.ufg.br\/museudoinf\/wp-content\/uploads\/sites\/15\/2022\/05\/Acervos-1024x209.png 1024w, https:\/\/acervo.rotas.ufg.br\/museudoinf\/wp-content\/uploads\/sites\/15\/2022\/05\/Acervos-300x61.png 300w, https:\/\/acervo.rotas.ufg.br\/museudoinf\/wp-content\/uploads\/sites\/15\/2022\/05\/Acervos-768x157.png 768w, https:\/\/acervo.rotas.ufg.br\/museudoinf\/wp-content\/uploads\/sites\/15\/2022\/05\/Acervos-205x42.png 205w, https:\/\/acervo.rotas.ufg.br\/museudoinf\/wp-content\/uploads\/sites\/15\/2022\/05\/Acervos.png 1125w\" sizes=\"(max-width: 1024px) 100vw, 1024px\" \/>\t\t\t\t\t\t\t\t<\/a>\n\t\t\t\t\t\t\t\t\t\t\t\t\t<\/div>\n\t\t\t\t<\/div>\n\t\t\t\t\t<\/div>\n\t\t<\/div>\n\t\t\t\t\t<\/div>\n\t\t<\/section>\n\t\t\t\t<\/div>\n\t\t","protected":false},"excerpt":{"rendered":"<p>\/*! elementor-pro &#8211; v3.7.1 &#8211; 16-05-2022 *\/ .elementor-slides .swiper-slide-bg{background-size:cover;background-position:50%;background-repeat:no-repeat;min-width:100%;min-height:100%}.elementor-slides .swiper-slide-inner{background-repeat:no-repeat;background-position:50%;position:absolute;top:0;left:0;bottom:0;right:0;padding:50px;margin:auto}.elementor-slides .swiper-slide-inner,.elementor-slides .swiper-slide-inner:hover{color:#fff;display:-webkit-box;display:-ms-flexbox;display:flex}.elementor-slides .swiper-slide-inner .elementor-background-overlay{position:absolute;z-index:0;top:0;bottom:0;left:0;right:0}.elementor-slides .swiper-slide-inner .elementor-slide-content{position:relative;z-index:1;width:100%}.elementor-slides .swiper-slide-inner .elementor-slide-heading{font-size:35px;font-weight:700;line-height:1}.elementor-slides .swiper-slide-inner .elementor-slide-description{font-size:17px;line-height:1.4}.elementor-slides .swiper-slide-inner .elementor-slide-description:not(:last-child),.elementor-slides .swiper-slide-inner .elementor-slide-heading:not(:last-child){margin-bottom:30px}.elementor-slides .swiper-slide-inner .elementor-slide-button{border:2px solid #fff;color:#fff;background:transparent;display:inline-block}.elementor-slides .swiper-slide-inner .elementor-slide-button,.elementor-slides .swiper-slide-inner .elementor-slide-button:hover{background:transparent;color:inherit;text-decoration:none}.elementor&#8211;v-position-top .swiper-slide-inner{-webkit-box-align:start;-ms-flex-align:start;align-items:flex-start}.elementor&#8211;v-position-bottom .swiper-slide-inner{-webkit-box-align:end;-ms-flex-align:end;align-items:flex-end}.elementor&#8211;v-position-middle .swiper-slide-inner{-webkit-box-align:center;-ms-flex-align:center;align-items:center}.elementor&#8211;h-position-left .swiper-slide-inner{-webkit-box-pack:start;-ms-flex-pack:start;justify-content:flex-start}.elementor&#8211;h-position-right .swiper-slide-inner{-webkit-box-pack:end;-ms-flex-pack:end;justify-content:flex-end}.elementor&#8211;h-position-center .swiper-slide-inner{-webkit-box-pack:center;-ms-flex-pack:center;justify-content:center}body.rtl .elementor-widget-slides .elementor-swiper-button-next{left:10px;right:auto}body.rtl .elementor-widget-slides .elementor-swiper-button-prev{right:10px;left:auto}.elementor-slides-wrapper div:not(.swiper-slide)&gt;.swiper-slide-inner{display:none}@media (max-width:767px){.elementor-slides .swiper-slide-inner{padding:30px}.elementor-slides .swiper-slide-inner .elementor-slide-heading{font-size:23px;line-height:1;margin-bottom:15px}.elementor-slides .swiper-slide-inner .elementor-slide-description{font-size:13px;line-height:1.4;margin-bottom:15px}} \/*! elementor &#8211; v3.6.5 &#8211; 27-04-2022 [&hellip;]<\/p>\n","protected":false},"author":1,"featured_media":0,"parent":0,"menu_order":0,"comment_status":"closed","ping_status":"closed","template":"elementor_header_footer","meta":{"footnotes":""},"_links":{"self":[{"href":"https:\/\/acervo.rotas.ufg.br\/museudoinf\/wp-json\/wp\/v2\/pages\/16"}],"collection":[{"href":"https:\/\/acervo.rotas.ufg.br\/museudoinf\/wp-json\/wp\/v2\/pages"}],"about":[{"href":"https:\/\/acervo.rotas.ufg.br\/museudoinf\/wp-json\/wp\/v2\/types\/page"}],"author":[{"embeddable":true,"href":"https:\/\/acervo.rotas.ufg.br\/museudoinf\/wp-json\/wp\/v2\/users\/1"}],"replies":[{"embeddable":true,"href":"https:\/\/acervo.rotas.ufg.br\/museudoinf\/wp-json\/wp\/v2\/comments?post=16"}],"version-history":[{"count":178,"href":"https:\/\/acervo.rotas.ufg.br\/museudoinf\/wp-json\/wp\/v2\/pages\/16\/revisions"}],"predecessor-version":[{"id":4331,"href":"https:\/\/acervo.rotas.ufg.br\/museudoinf\/wp-json\/wp\/v2\/pages\/16\/revisions\/4331"}],"wp:attachment":[{"href":"https:\/\/acervo.rotas.ufg.br\/museudoinf\/wp-json\/wp\/v2\/media?parent=16"}],"curies":[{"name":"wp","href":"https:\/\/api.w.org\/{rel}","templated":true}]}}