{"id":44,"date":"2022-05-30T18:44:58","date_gmt":"2022-05-30T21:44:58","guid":{"rendered":"https:\/\/acervo.rotas.ufg.br\/museudoinf\/?page_id=44"},"modified":"2022-09-01T08:23:47","modified_gmt":"2022-09-01T11:23:47","slug":"equipe-tecnica","status":"publish","type":"page","link":"https:\/\/acervo.rotas.ufg.br\/museudoinf\/equipe-tecnica\/","title":{"rendered":"Equipe T\u00e9cnica"},"content":{"rendered":"\t\t<div data-elementor-type=\"wp-page\" data-elementor-id=\"44\" class=\"elementor elementor-44\" data-elementor-post-type=\"page\">\n\t\t\t\t\t\t<section class=\"elementor-section elementor-top-section elementor-element elementor-element-16f0710 elementor-section-boxed elementor-section-height-default elementor-section-height-default\" data-id=\"16f0710\" data-element_type=\"section\">\n\t\t\t\t\t\t<div class=\"elementor-container elementor-column-gap-default\">\n\t\t\t\t\t<div class=\"elementor-column elementor-col-100 elementor-top-column elementor-element elementor-element-7bad700\" data-id=\"7bad700\" data-element_type=\"column\">\n\t\t\t<div class=\"elementor-widget-wrap elementor-element-populated\">\n\t\t\t\t\t\t<div class=\"elementor-element elementor-element-e221701 elementor-widget elementor-widget-heading\" data-id=\"e221701\" data-element_type=\"widget\" data-widget_type=\"heading.default\">\n\t\t\t\t<div class=\"elementor-widget-container\">\n\t\t\t<style>\/*! elementor - v3.22.0 - 26-06-2024 *\/\n.elementor-heading-title{padding:0;margin:0;line-height:1}.elementor-widget-heading .elementor-heading-title[class*=elementor-size-]>a{color:inherit;font-size:inherit;line-height:inherit}.elementor-widget-heading .elementor-heading-title.elementor-size-small{font-size:15px}.elementor-widget-heading .elementor-heading-title.elementor-size-medium{font-size:19px}.elementor-widget-heading .elementor-heading-title.elementor-size-large{font-size:29px}.elementor-widget-heading .elementor-heading-title.elementor-size-xl{font-size:39px}.elementor-widget-heading .elementor-heading-title.elementor-size-xxl{font-size:59px}<\/style><h2 class=\"elementor-heading-title elementor-size-default\">CONTATO<\/h2>\t\t<\/div>\n\t\t\t\t<\/div>\n\t\t\t\t<div class=\"elementor-element elementor-element-54071c1 elementor-author-box--layout-image-left elementor-author-box--align-left elementor-author-box--image-valign-top elementor-widget elementor-widget-author-box\" data-id=\"54071c1\" data-element_type=\"widget\" data-widget_type=\"author-box.default\">\n\t\t\t\t<div class=\"elementor-widget-container\">\n\t\t\t<link rel=\"stylesheet\" href=\"https:\/\/acervo.rotas.ufg.br\/museudoinf\/wp-content\/plugins\/elementor-pro\/assets\/css\/widget-theme-elements.min.css\">\t\t<div class=\"elementor-author-box\">\n\t\t\t\n\t\t\t<div class=\"elementor-author-box__text\">\n\t\t\t\t\t\t\t\t\t<div >\n\t\t\t\t\t\t<h5 class=\"elementor-author-box__name\">\n\t\t\t\t\t\t\tMuseu de Inform\u00e1tica e Computa\u00e7\u00e3o\t\t\t\t\t\t<\/h5>\n\t\t\t\t\t<\/div>\n\t\t\t\t\n\t\t\t\t\t\t\t\t\t<div class=\"elementor-author-box__bio\">\n\t\t\t\t\t\t<p>Telefone: (62) 3521-1181<br \/>\nEmail: hadn@inf.ufg.br<br \/>\nSite: http:\/\/www.inf.ufg.br<\/p>\n\t\t\t\t\t<\/div>\n\t\t\t\t\n\t\t\t\t\t\t\t<\/div>\n\t\t<\/div>\n\t\t\t\t<\/div>\n\t\t\t\t<\/div>\n\t\t\t\t\t<\/div>\n\t\t<\/div>\n\t\t\t\t\t<\/div>\n\t\t<\/section>\n\t\t\t\t<section class=\"elementor-section elementor-top-section elementor-element elementor-element-6a7e9e7 elementor-section-boxed elementor-section-height-default elementor-section-height-default\" data-id=\"6a7e9e7\" data-element_type=\"section\">\n\t\t\t\t\t\t<div class=\"elementor-container elementor-column-gap-default\">\n\t\t\t\t\t<div class=\"elementor-column elementor-col-100 elementor-top-column elementor-element elementor-element-d21cf76\" data-id=\"d21cf76\" data-element_type=\"column\">\n\t\t\t<div class=\"elementor-widget-wrap elementor-element-populated\">\n\t\t\t\t\t\t<div class=\"elementor-element elementor-element-72a316a elementor-widget elementor-widget-heading\" data-id=\"72a316a\" data-element_type=\"widget\" data-widget_type=\"heading.default\">\n\t\t\t\t<div class=\"elementor-widget-container\">\n\t\t\t<h2 class=\"elementor-heading-title elementor-size-default\">Docentes<\/h2>\t\t<\/div>\n\t\t\t\t<\/div>\n\t\t\t\t<div class=\"elementor-element elementor-element-078b4aa elementor-widget elementor-widget-text-editor\" data-id=\"078b4aa\" data-element_type=\"widget\" data-widget_type=\"text-editor.default\">\n\t\t\t\t<div class=\"elementor-widget-container\">\n\t\t\t<style>\/*! elementor - v3.22.0 - 26-06-2024 *\/\n.elementor-widget-text-editor.elementor-drop-cap-view-stacked .elementor-drop-cap{background-color:#69727d;color:#fff}.elementor-widget-text-editor.elementor-drop-cap-view-framed .elementor-drop-cap{color:#69727d;border:3px solid;background-color:transparent}.elementor-widget-text-editor:not(.elementor-drop-cap-view-default) .elementor-drop-cap{margin-top:8px}.elementor-widget-text-editor:not(.elementor-drop-cap-view-default) .elementor-drop-cap-letter{width:1em;height:1em}.elementor-widget-text-editor .elementor-drop-cap{float:left;text-align:center;line-height:1;font-size:50px}.elementor-widget-text-editor .elementor-drop-cap-letter{display:inline-block}<\/style>\t\t\t\t<p><span style=\"color: #ffffff\">Hugo Alexandre Dantas do Nascimento (Coordenador)<\/span><\/p><p><span style=\"color: #ffffff\">Leonardo Alves Ribeiro (Representante do INF no Museu da UFG)<\/span><\/p><p><span style=\"color: #ffffff\">Sergio Teixeira de Carvalho<\/span><\/p><p><span style=\"color: #ffffff\">Wanderley De Souza Alencar<\/span><\/p><p><span style=\"color: #ffffff\">Edmundo Sergio Spoto<\/span><\/p><p><span style=\"color: #ffffff\">Evellin Cristine Souza Cardoso<\/span><\/p>\t\t\t\t\t\t<\/div>\n\t\t\t\t<\/div>\n\t\t\t\t\t<\/div>\n\t\t<\/div>\n\t\t\t\t\t<\/div>\n\t\t<\/section>\n\t\t\t\t<section class=\"elementor-section elementor-top-section elementor-element elementor-element-9726129 elementor-section-boxed elementor-section-height-default elementor-section-height-default\" data-id=\"9726129\" data-element_type=\"section\">\n\t\t\t\t\t\t<div class=\"elementor-container elementor-column-gap-default\">\n\t\t\t\t\t<div class=\"elementor-column elementor-col-100 elementor-top-column elementor-element elementor-element-65caa73\" data-id=\"65caa73\" data-element_type=\"column\">\n\t\t\t<div class=\"elementor-widget-wrap elementor-element-populated\">\n\t\t\t\t\t\t<div class=\"elementor-element elementor-element-eacc3a3 elementor-widget elementor-widget-heading\" data-id=\"eacc3a3\" data-element_type=\"widget\" data-widget_type=\"heading.default\">\n\t\t\t\t<div class=\"elementor-widget-container\">\n\t\t\t<h2 class=\"elementor-heading-title elementor-size-default\">Discentes<\/h2>\t\t<\/div>\n\t\t\t\t<\/div>\n\t\t\t\t<div class=\"elementor-element elementor-element-c891f48 elementor-widget elementor-widget-text-editor\" data-id=\"c891f48\" data-element_type=\"widget\" data-widget_type=\"text-editor.default\">\n\t\t\t\t<div class=\"elementor-widget-container\">\n\t\t\t\t\t\t\t<p dir=\"ltr\"><span style=\"color: #ffffff\">Juliana Paula Felix<\/span><\/p><p dir=\"ltr\"><span style=\"color: #ffffff\">Juliana Resplande Sant&#8217;anna Gomes\u00a0\u00a0\u00a0<\/span><\/p><p dir=\"ltr\"><span style=\"color: #ffffff\">Richardson Leite de Bessa Filho<\/span><\/p><p dir=\"ltr\"><span style=\"color: #ffffff\">Matheus Pamplona Oliveira<\/span><\/p><p dir=\"ltr\"><span style=\"color: #ffffff\">Victor Augusto Cortat De Queiroz \u00a0<\/span><\/p><p dir=\"ltr\"><span style=\"color: #ffffff\">Breno Uchoa Mendonca De Souza<\/span><\/p><p dir=\"ltr\"><span style=\"color: #ffffff\">Raffael Pimentel Ribeiro <\/span><\/p>\t\t\t\t\t\t<\/div>\n\t\t\t\t<\/div>\n\t\t\t\t\t<\/div>\n\t\t<\/div>\n\t\t\t\t\t<\/div>\n\t\t<\/section>\n\t\t\t\t<section class=\"elementor-section elementor-top-section elementor-element elementor-element-315759a elementor-section-boxed elementor-section-height-default elementor-section-height-default\" data-id=\"315759a\" data-element_type=\"section\">\n\t\t\t\t\t\t<div class=\"elementor-container elementor-column-gap-default\">\n\t\t\t\t\t<div class=\"elementor-column elementor-col-100 elementor-top-column elementor-element elementor-element-3481159\" data-id=\"3481159\" data-element_type=\"column\">\n\t\t\t<div class=\"elementor-widget-wrap elementor-element-populated\">\n\t\t\t\t\t\t<div class=\"elementor-element elementor-element-1e2dea3 elementor-widget elementor-widget-heading\" data-id=\"1e2dea3\" data-element_type=\"widget\" data-widget_type=\"heading.default\">\n\t\t\t\t<div class=\"elementor-widget-container\">\n\t\t\t<h2 class=\"elementor-heading-title elementor-size-default\">Docente e discentes participantes em edi\u00e7\u00e3o anteriores<\/h2>\t\t<\/div>\n\t\t\t\t<\/div>\n\t\t\t\t<div class=\"elementor-element elementor-element-ef8c098 elementor-widget elementor-widget-text-editor\" data-id=\"ef8c098\" data-element_type=\"widget\" data-widget_type=\"text-editor.default\">\n\t\t\t\t<div class=\"elementor-widget-container\">\n\t\t\t\t\t\t\t<table><tbody><tr><td><p><span style=\"color: #ffffff\">Edmundo S\u00e9rgio Spoto<\/span><\/p><\/td><td><p><span style=\"color: #ffffff\">Docente<\/span><\/p><\/td><\/tr><tr><td><p><span style=\"color: #ffffff\">Hugo Alexandre Dantas do Nascimento\u00a0 \u00a0 \u00a0\u00a0<\/span><\/p><\/td><td><p><span style=\"color: #ffffff\">Docente<\/span><\/p><\/td><\/tr><tr><td><p><span style=\"color: #ffffff\">Leonardo Andrade Ribeiro<\/span><\/p><\/td><td><p><span style=\"color: #ffffff\">Docente<\/span><\/p><\/td><\/tr><tr><td><p><span style=\"color: #ffffff\">Luciana de Oliveira Berretta<\/span><\/p><\/td><td><p><span style=\"color: #ffffff\">Docente<\/span><\/p><\/td><\/tr><tr><td><p><span style=\"color: #ffffff\">S\u00e9rgio Teixeira de Carvalho<\/span><\/p><\/td><td><p><span style=\"color: #ffffff\">Docente<\/span><\/p><\/td><\/tr><tr><td><p><span style=\"color: #ffffff\">Wanderley de Souza Alencar<\/span><\/p><\/td><td><p><span style=\"color: #ffffff\">Docente<\/span><\/p><\/td><\/tr><tr><td><p><span style=\"color: #ffffff\">Andre de Oliveira Penna<\/span><\/p><\/td><td><p><span style=\"color: #ffffff\">T\u00e9cnico<\/span><\/p><\/td><\/tr><tr><td><p><span style=\"color: #ffffff\">Bruno Rangel Borges Marchetti<\/span><\/p><\/td><td><p><span style=\"color: #ffffff\">T\u00e9cnico<\/span><\/p><\/td><\/tr><tr><td><p><span style=\"color: #ffffff\">Carlos Eduardo do Egito Araujo<\/span><\/p><\/td><td><p><span style=\"color: #ffffff\">T\u00e9cnico<\/span><\/p><\/td><\/tr><tr><td><p><span style=\"color: #ffffff\">Jo\u00e3o Bosco Carmo Moraes<\/span><\/p><\/td><td><p><span style=\"color: #ffffff\">T\u00e9cnico<\/span><\/p><\/td><\/tr><tr><td><p><span style=\"color: #ffffff\">Murilo Ferraz Franco<\/span><\/p><\/td><td><p><span style=\"color: #ffffff\">T\u00e9cnico<\/span><\/p><\/td><\/tr><tr><td><p><span style=\"color: #ffffff\">Rafael Dias Soares<\/span><\/p><\/td><td><p><span style=\"color: #ffffff\">T\u00e9cnico<\/span><\/p><\/td><\/tr><tr><td><p><span style=\"color: #ffffff\">David Matheus Santos Sousa<\/span><\/p><\/td><td><p><span style=\"color: #ffffff\">Discente<\/span><\/p><\/td><\/tr><tr><td><p><span style=\"color: #ffffff\">Gabriel Silva Nascimento<\/span><\/p><\/td><td><p><span style=\"color: #ffffff\">Discente<\/span><\/p><\/td><\/tr><tr><td><p><span style=\"color: #ffffff\">Giovanna Aguiar de Castro<\/span><\/p><\/td><td><p><span style=\"color: #ffffff\">Discente<\/span><\/p><\/td><\/tr><tr><td><p><span style=\"color: #ffffff\">Ian Mendes Badan<\/span><\/p><\/td><td><p><span style=\"color: #ffffff\">Discente<\/span><\/p><\/td><\/tr><tr><td><p><span style=\"color: #ffffff\">Isabela Felix Franca<\/span><\/p><\/td><td><p><span style=\"color: #ffffff\">Discente<\/span><\/p><\/td><\/tr><tr><td><p><span style=\"color: #ffffff\">Jerlianni Barbosa de Oliveira<\/span><\/p><\/td><td><p><span style=\"color: #ffffff\">Discente<\/span><\/p><\/td><\/tr><tr><td><p><span style=\"color: #ffffff\">Karlla Bianca Chaves Rodrigues<\/span><\/p><\/td><td><p><span style=\"color: #ffffff\">Discente<\/span><\/p><\/td><\/tr><tr><td><p><span style=\"color: #ffffff\">Leidiane Beatriz Passos Rodrigues<\/span><\/p><\/td><td><p><span style=\"color: #ffffff\">Discente<\/span><\/p><\/td><\/tr><tr><td><p><span style=\"color: #ffffff\">Mariana Crisostomo Martins<\/span><\/p><\/td><td><p><span style=\"color: #ffffff\">Discente<\/span><\/p><\/td><\/tr><tr><td><p><span style=\"color: #ffffff\">Matheus Ribeiro Pimenta Nunes<\/span><\/p><\/td><td><p><span style=\"color: #ffffff\">Discente<\/span><\/p><\/td><\/tr><tr><td><p><span style=\"color: #ffffff\">Paulo Victor Moreira Matheus<\/span><\/p><\/td><td><p><span style=\"color: #ffffff\">Discente<\/span><\/p><\/td><\/tr><tr><td><p><span style=\"color: #ffffff\">Roberta Assis de Carvalho<\/span><\/p><\/td><td><p><span style=\"color: #ffffff\">Discente<\/span><\/p><\/td><\/tr><tr><td><p><span style=\"color: #ffffff\">Sidnei Alves Ferreira Junior<\/span><\/p><\/td><td><p><span style=\"color: #ffffff\">Discente<\/span><\/p><\/td><\/tr><tr><td><p><span style=\"color: #ffffff\">Thaynara Mabille Marques Ribeiro<\/span><\/p><\/td><td><p><span style=\"color: #ffffff\">Discente<\/span><\/p><\/td><\/tr><tr><td><p><span style=\"color: #ffffff\">Thiago de Andrade Corr\u00eaa<\/span><\/p><\/td><td><p><span style=\"color: #ffffff\">Discente<\/span><\/p><\/td><\/tr><tr><td><p><span style=\"color: #ffffff\">Wendel Marques de Jesus Souza<\/span><\/p><\/td><td><p><span style=\"color: #ffffff\">Discente<\/span><\/p><\/td><\/tr><\/tbody><\/table>\t\t\t\t\t\t<\/div>\n\t\t\t\t<\/div>\n\t\t\t\t\t<\/div>\n\t\t<\/div>\n\t\t\t\t\t<\/div>\n\t\t<\/section>\n\t\t\t\t<section class=\"elementor-section elementor-top-section elementor-element elementor-element-5a55a44 elementor-section-boxed elementor-section-height-default elementor-section-height-default\" data-id=\"5a55a44\" data-element_type=\"section\">\n\t\t\t\t\t\t<div class=\"elementor-container elementor-column-gap-default\">\n\t\t\t\t\t<div class=\"elementor-column elementor-col-100 elementor-top-column elementor-element elementor-element-5528d72\" data-id=\"5528d72\" data-element_type=\"column\">\n\t\t\t<div class=\"elementor-widget-wrap elementor-element-populated\">\n\t\t\t\t\t\t<div class=\"elementor-element elementor-element-191b7c2 elementor-widget elementor-widget-heading\" data-id=\"191b7c2\" data-element_type=\"widget\" data-widget_type=\"heading.default\">\n\t\t\t\t<div class=\"elementor-widget-container\">\n\t\t\t<h2 class=\"elementor-heading-title elementor-size-default\">Apoio na constru\u00e7\u00e3o do site e do acervo<\/h2>\t\t<\/div>\n\t\t\t\t<\/div>\n\t\t\t\t<div class=\"elementor-element elementor-element-97aca7b elementor-author-box--layout-image-left elementor-author-box--align-left elementor-author-box--image-valign-top elementor-widget elementor-widget-author-box\" data-id=\"97aca7b\" data-element_type=\"widget\" data-widget_type=\"author-box.default\">\n\t\t\t\t<div class=\"elementor-widget-container\">\n\t\t\t\t\t<div class=\"elementor-author-box\">\n\t\t\t\n\t\t\t<div class=\"elementor-author-box__text\">\n\t\t\t\t\t\t\t\t\t<div >\n\t\t\t\t\t\t<h5 class=\"elementor-author-box__name\">\n\t\t\t\t\t\t\tIgor Schmitz Goncalves Neiva\t\t\t\t\t\t<\/h5>\n\t\t\t\t\t<\/div>\n\t\t\t\t\n\t\t\t\t\t\t\t\t\t<div class=\"elementor-author-box__bio\">\n\t\t\t\t\t\t<p>Graduando em Gest\u00e3o da Informa\u00e7\u00e3o<br \/>\nigorneiva@discente.ufg.br<\/p>\n\t\t\t\t\t<\/div>\n\t\t\t\t\n\t\t\t\t\t\t\t<\/div>\n\t\t<\/div>\n\t\t\t\t<\/div>\n\t\t\t\t<\/div>\n\t\t\t\t<div class=\"elementor-element elementor-element-1bf1932 elementor-author-box--layout-image-left elementor-author-box--align-left elementor-author-box--image-valign-top elementor-widget elementor-widget-author-box\" data-id=\"1bf1932\" data-element_type=\"widget\" data-widget_type=\"author-box.default\">\n\t\t\t\t<div class=\"elementor-widget-container\">\n\t\t\t\t\t<div class=\"elementor-author-box\">\n\t\t\t\n\t\t\t<div class=\"elementor-author-box__text\">\n\t\t\t\t\t\t\t\t\t<div >\n\t\t\t\t\t\t<h5 class=\"elementor-author-box__name\">\n\t\t\t\t\t\t\tLuan Braga Alonso\t\t\t\t\t\t<\/h5>\n\t\t\t\t\t<\/div>\n\t\t\t\t\n\t\t\t\t\t\t\t\t\t<div class=\"elementor-author-box__bio\">\n\t\t\t\t\t\t<p>Graduando em Gest\u00e3o da Informa\u00e7\u00e3o<br \/>\nluan_alonso@discente.ufg.br<\/p>\n\t\t\t\t\t<\/div>\n\t\t\t\t\n\t\t\t\t\t\t\t<\/div>\n\t\t<\/div>\n\t\t\t\t<\/div>\n\t\t\t\t<\/div>\n\t\t\t\t\t<\/div>\n\t\t<\/div>\n\t\t\t\t\t<\/div>\n\t\t<\/section>\n\t\t\t\t<\/div>\n\t\t","protected":false},"excerpt":{"rendered":"<p>\/*! elementor &#8211; v3.6.5 &#8211; 27-04-2022 *\/ .elementor-heading-title{padding:0;margin:0;line-height:1}.elementor-widget-heading .elementor-heading-title[class*=elementor-size-]&gt;a{color:inherit;font-size:inherit;line-height:inherit}.elementor-widget-heading .elementor-heading-title.elementor-size-small{font-size:15px}.elementor-widget-heading .elementor-heading-title.elementor-size-medium{font-size:19px}.elementor-widget-heading .elementor-heading-title.elementor-size-large{font-size:29px}.elementor-widget-heading .elementor-heading-title.elementor-size-xl{font-size:39px}.elementor-widget-heading .elementor-heading-title.elementor-size-xxl{font-size:59px} CONTATO Docentes Hugo Alexandre Dantas do Nascimento (Coordenador) Leonardo Alves Ribeiro (Representante do INF no Museu da UFG) Sergio Teixeira de Carvalho Wanderley De Souza Alencar Edmundo Sergio Spoto Evellin Cristine Souza Cardoso Discentes Juliana Paula Felix Juliana Resplande Sant&#8217;anna Gomes\u00a0\u00a0\u00a0 [&hellip;]<\/p>\n","protected":false},"author":1,"featured_media":0,"parent":0,"menu_order":0,"comment_status":"closed","ping_status":"closed","template":"elementor_header_footer","meta":{"footnotes":""},"_links":{"self":[{"href":"https:\/\/acervo.rotas.ufg.br\/museudoinf\/wp-json\/wp\/v2\/pages\/44"}],"collection":[{"href":"https:\/\/acervo.rotas.ufg.br\/museudoinf\/wp-json\/wp\/v2\/pages"}],"about":[{"href":"https:\/\/acervo.rotas.ufg.br\/museudoinf\/wp-json\/wp\/v2\/types\/page"}],"author":[{"embeddable":true,"href":"https:\/\/acervo.rotas.ufg.br\/museudoinf\/wp-json\/wp\/v2\/users\/1"}],"replies":[{"embeddable":true,"href":"https:\/\/acervo.rotas.ufg.br\/museudoinf\/wp-json\/wp\/v2\/comments?post=44"}],"version-history":[{"count":37,"href":"https:\/\/acervo.rotas.ufg.br\/museudoinf\/wp-json\/wp\/v2\/pages\/44\/revisions"}],"predecessor-version":[{"id":4337,"href":"https:\/\/acervo.rotas.ufg.br\/museudoinf\/wp-json\/wp\/v2\/pages\/44\/revisions\/4337"}],"wp:attachment":[{"href":"https:\/\/acervo.rotas.ufg.br\/museudoinf\/wp-json\/wp\/v2\/media?parent=44"}],"curies":[{"name":"wp","href":"https:\/\/api.w.org\/{rel}","templated":true}]}}