{"id":39,"date":"2022-05-30T18:44:14","date_gmt":"2022-05-30T21:44:14","guid":{"rendered":"https:\/\/acervo.rotas.ufg.br\/planetario\/?page_id=39"},"modified":"2022-12-14T10:09:00","modified_gmt":"2022-12-14T13:09:00","slug":"institucional","status":"publish","type":"page","link":"https:\/\/acervo.rotas.ufg.br\/planetario\/institucional\/","title":{"rendered":"Institucional"},"content":{"rendered":"\t\t<div data-elementor-type=\"wp-page\" data-elementor-id=\"39\" class=\"elementor elementor-39\" data-elementor-post-type=\"page\">\n\t\t\t\t\t\t<section class=\"elementor-section elementor-top-section elementor-element elementor-element-010fe61 elementor-section-boxed elementor-section-height-default elementor-section-height-default\" data-id=\"010fe61\" data-element_type=\"section\">\n\t\t\t\t\t\t<div class=\"elementor-container elementor-column-gap-default\">\n\t\t\t\t\t<div class=\"elementor-column elementor-col-100 elementor-top-column elementor-element elementor-element-ca86786\" data-id=\"ca86786\" data-element_type=\"column\">\n\t\t\t<div class=\"elementor-widget-wrap elementor-element-populated\">\n\t\t\t\t\t\t<div class=\"elementor-element elementor-element-cd3125d elementor-widget elementor-widget-heading\" data-id=\"cd3125d\" data-element_type=\"widget\" data-widget_type=\"heading.default\">\n\t\t\t\t<div class=\"elementor-widget-container\">\n\t\t\t<style>\/*! elementor - v3.22.0 - 26-06-2024 *\/\n.elementor-heading-title{padding:0;margin:0;line-height:1}.elementor-widget-heading .elementor-heading-title[class*=elementor-size-]>a{color:inherit;font-size:inherit;line-height:inherit}.elementor-widget-heading .elementor-heading-title.elementor-size-small{font-size:15px}.elementor-widget-heading .elementor-heading-title.elementor-size-medium{font-size:19px}.elementor-widget-heading .elementor-heading-title.elementor-size-large{font-size:29px}.elementor-widget-heading .elementor-heading-title.elementor-size-xl{font-size:39px}.elementor-widget-heading .elementor-heading-title.elementor-size-xxl{font-size:59px}<\/style><h2 class=\"elementor-heading-title elementor-size-default\">Institucional<\/h2>\t\t<\/div>\n\t\t\t\t<\/div>\n\t\t\t\t\t<\/div>\n\t\t<\/div>\n\t\t\t\t\t<\/div>\n\t\t<\/section>\n\t\t\t\t<section class=\"elementor-section elementor-top-section elementor-element elementor-element-16bedf4 elementor-section-boxed elementor-section-height-default elementor-section-height-default\" data-id=\"16bedf4\" data-element_type=\"section\">\n\t\t\t\t\t\t<div class=\"elementor-container elementor-column-gap-default\">\n\t\t\t\t\t<div class=\"elementor-column elementor-col-100 elementor-top-column elementor-element elementor-element-7cc8aff\" data-id=\"7cc8aff\" data-element_type=\"column\">\n\t\t\t<div class=\"elementor-widget-wrap elementor-element-populated\">\n\t\t\t\t\t\t<div class=\"elementor-element elementor-element-eec6940 elementor-position-right elementor-vertical-align-middle elementor-widget elementor-widget-image-box\" data-id=\"eec6940\" data-element_type=\"widget\" data-widget_type=\"image-box.default\">\n\t\t\t\t<div class=\"elementor-widget-container\">\n\t\t\t<style>\/*! elementor - v3.22.0 - 26-06-2024 *\/\n.elementor-widget-image-box .elementor-image-box-content{width:100%}@media (min-width:768px){.elementor-widget-image-box.elementor-position-left .elementor-image-box-wrapper,.elementor-widget-image-box.elementor-position-right .elementor-image-box-wrapper{display:flex}.elementor-widget-image-box.elementor-position-right .elementor-image-box-wrapper{text-align:end;flex-direction:row-reverse}.elementor-widget-image-box.elementor-position-left .elementor-image-box-wrapper{text-align:start;flex-direction:row}.elementor-widget-image-box.elementor-position-top .elementor-image-box-img{margin:auto}.elementor-widget-image-box.elementor-vertical-align-top .elementor-image-box-wrapper{align-items:flex-start}.elementor-widget-image-box.elementor-vertical-align-middle .elementor-image-box-wrapper{align-items:center}.elementor-widget-image-box.elementor-vertical-align-bottom .elementor-image-box-wrapper{align-items:flex-end}}@media (max-width:767px){.elementor-widget-image-box .elementor-image-box-img{margin-left:auto!important;margin-right:auto!important;margin-bottom:15px}}.elementor-widget-image-box .elementor-image-box-img{display:inline-block}.elementor-widget-image-box .elementor-image-box-title a{color:inherit}.elementor-widget-image-box .elementor-image-box-wrapper{text-align:center}.elementor-widget-image-box .elementor-image-box-description{margin:0}<\/style><div class=\"elementor-image-box-wrapper\"><figure class=\"elementor-image-box-img\"><img decoding=\"async\" src=\"https:\/\/files.cercomp.ufg.br\/weby\/up\/96\/o\/_DSC7108.jpeg\" title=\"\" alt=\"\" loading=\"lazy\" \/><\/figure><div class=\"elementor-image-box-content\"><h5 class=\"elementor-image-box-title\">Apresenta\u00e7\u00e3o<\/h5><p class=\"elementor-image-box-description\">O Planet\u00e1rio Juan Bernardino Marques Barrio da Universidade Federal de Goi\u00e1s (UFG) promove atividades de extens\u00e3o educativas, com o aux\u00edlio de recursos t\u00e9cnicos audiovisuais em sua c\u00fapula de 12,5 metros de di\u00e2metro. Tem a orienta\u00e7\u00e3o de professores mestres e doutores do Instituto de Estudos Socioambientais (IESA) da UFG.<br><br>\nO projetor Zeiss Spacemaster situado ao centro da sala de proje\u00e7\u00f5es \u00e9 o mais antigo em funcionamento no Brasil e foi o terceiro a ser inaugurado no pa\u00eds. H\u00e1 cerca de 60 planet\u00e1rios fixos e 50 planet\u00e1rios m\u00f3veis no Brasil, sendo muitos deles filiados \u00e0 Associa\u00e7\u00e3o Brasileira de Planet\u00e1rios (ABP), cuja sede \u00e9 no Planet\u00e1rio da UFG.<br><br>\nA equipe do Planet\u00e1rio atende \u00e0 cursos de gradua\u00e7\u00e3o da UFG, por meio de disciplinas obrigat\u00f3rias, optativas e de N\u00facleo Livre para o IESA e outros institutos e faculdades da UFG.<br><br>\nAs atividades de extens\u00e3o ocorrem com os atendimentos escolares e ao p\u00fablico em geral. Durante a semana, o Planet\u00e1rio da UFG realiza sess\u00f5es para estudantes e nos fins de semana para o p\u00fablico em geral, sendo garantia de divers\u00e3o e conhecimento para todas as idades.<\/p><\/div><\/div>\t\t<\/div>\n\t\t\t\t<\/div>\n\t\t\t\t\t<\/div>\n\t\t<\/div>\n\t\t\t\t\t<\/div>\n\t\t<\/section>\n\t\t\t\t<section class=\"elementor-section elementor-top-section elementor-element elementor-element-c87f111 elementor-section-boxed elementor-section-height-default elementor-section-height-default\" data-id=\"c87f111\" data-element_type=\"section\">\n\t\t\t\t\t\t<div class=\"elementor-container elementor-column-gap-default\">\n\t\t\t\t\t<div class=\"elementor-column elementor-col-33 elementor-top-column elementor-element elementor-element-441980f\" data-id=\"441980f\" data-element_type=\"column\">\n\t\t\t<div class=\"elementor-widget-wrap\">\n\t\t\t\t\t\t\t<\/div>\n\t\t<\/div>\n\t\t\t\t<div class=\"elementor-column elementor-col-33 elementor-top-column elementor-element elementor-element-e7ff416\" data-id=\"e7ff416\" data-element_type=\"column\">\n\t\t\t<div class=\"elementor-widget-wrap elementor-element-populated\">\n\t\t\t\t\t\t<div class=\"elementor-element elementor-element-a80daa6 elementor-widget elementor-widget-heading\" data-id=\"a80daa6\" data-element_type=\"widget\" data-widget_type=\"heading.default\">\n\t\t\t\t<div class=\"elementor-widget-container\">\n\t\t\t<h3 class=\"elementor-heading-title elementor-size-default\">O que \u00e9 um planet\u00e1rio? \n\n<\/h3>\t\t<\/div>\n\t\t\t\t<\/div>\n\t\t\t\t<div class=\"elementor-element elementor-element-5e38385 elementor-widget elementor-widget-text-editor\" data-id=\"5e38385\" data-element_type=\"widget\" data-widget_type=\"text-editor.default\">\n\t\t\t\t<div class=\"elementor-widget-container\">\n\t\t\t<style>\/*! elementor - v3.22.0 - 26-06-2024 *\/\n.elementor-widget-text-editor.elementor-drop-cap-view-stacked .elementor-drop-cap{background-color:#69727d;color:#fff}.elementor-widget-text-editor.elementor-drop-cap-view-framed .elementor-drop-cap{color:#69727d;border:3px solid;background-color:transparent}.elementor-widget-text-editor:not(.elementor-drop-cap-view-default) .elementor-drop-cap{margin-top:8px}.elementor-widget-text-editor:not(.elementor-drop-cap-view-default) .elementor-drop-cap-letter{width:1em;height:1em}.elementor-widget-text-editor .elementor-drop-cap{float:left;text-align:center;line-height:1;font-size:50px}.elementor-widget-text-editor .elementor-drop-cap-letter{display:inline-block}<\/style>\t\t\t\t<p>Basicamente, um planet\u00e1rio \u00e9 um equipamento que projeta um c\u00e9u artificial em um anteparo. Essa \u00e9 uma ideia t\u00e3o simples que em todo o mundo, desde as mais antigas civiliza\u00e7\u00f5es, faz parte do repert\u00f3rio de brincadeiras noturnas. Basta fazer buracos milim\u00e9tricos em uma superf\u00edcie iluminada e temos assim o projetor de um planet\u00e1rio! A luz que passa por esses furos, incidindo em um anteparo qualquer, se &#8220;transforma&#8221; em estrelas.<\/p><p>\u00c9 prov\u00e1vel que s\u00e1bios eg\u00edpcios e gregos antigos tenham usado essa brincadeira como &#8220;ferramenta did\u00e1tica&#8221;. Basta fazermos os furos do tamanho certo e na posi\u00e7\u00e3o certa, que a luz projetada no anteparo reproduzir\u00e1, com maior ou menor precis\u00e3o, o c\u00e9u real. Basta girarmos o corpo que cont\u00e9m esses furos da maneira correta e reproduziremos o movimento das estrelas no c\u00e9u em uma noite ou em um ano.<\/p><p>Em 1913, Oscar Von Muller, diretor do Deustches Museum, de Munique, encomendou \u00e0 firma alem\u00e3 Carl Zeiss um planet\u00e1rio &#8220;moderno&#8221;. Tal planet\u00e1rio, projetado por Walther Bauersfeld e inaugurado em 1923, usou um sistema \u00f3ptico e uma mec\u00e2nica relativamente complexos para projetar imagens simuladas do c\u00e9u, com uma realidade at\u00e9 ent\u00e3o inimagin\u00e1vel, na superf\u00edcie interna de uma hemisf\u00e9rio (ab\u00f3bada ou c\u00fapula) de 9,8 metros de di\u00e2metro e movimentar essas imagens, possibilitando dentre outras coisas reproduzir o c\u00e9u visto de qualquer regi\u00e3o do planeta e em qualquer \u00e9poca. O sucesso cultural e educacional obtido foi t\u00e3o grande que planet\u00e1rios passaram a ser inaugurados por todo o mundo.<\/p><p>Na d\u00e9cada de 2000, al\u00e9m da m\u00e1quina cl\u00e1ssica de proje\u00e7\u00e3o das estrelas e planetas, novos projetores passaram a fazer parte do equipamento de um planet\u00e1rio.<\/p><p>O desenvolvimento da inform\u00e1tica e da rob\u00f3tica t\u00eam permitido o uso simult\u00e2neo e\/ou consecutivo de v\u00e1rios projetores tais como projetores de slides; de v\u00eddeo; v\u00eddeos-laser; cinema hemisf\u00e9rico; etc.; formando na c\u00fapula uma imagem \u00fanica, em movimento ou n\u00e3o, aumentando em muito n\u00e3o s\u00f3 a fascina\u00e7\u00e3o de uma sess\u00e3o de planet\u00e1rio como tamb\u00e9m as suas possibilidades did\u00e1ticas.<\/p>\t\t\t\t\t\t<\/div>\n\t\t\t\t<\/div>\n\t\t\t\t\t<\/div>\n\t\t<\/div>\n\t\t\t\t<div class=\"elementor-column elementor-col-33 elementor-top-column elementor-element elementor-element-28fe37e\" data-id=\"28fe37e\" data-element_type=\"column\">\n\t\t\t<div class=\"elementor-widget-wrap\">\n\t\t\t\t\t\t\t<\/div>\n\t\t<\/div>\n\t\t\t\t\t<\/div>\n\t\t<\/section>\n\t\t\t\t<section class=\"elementor-section elementor-top-section elementor-element elementor-element-05299ed elementor-section-boxed elementor-section-height-default elementor-section-height-default\" data-id=\"05299ed\" data-element_type=\"section\">\n\t\t\t\t\t\t<div class=\"elementor-container elementor-column-gap-default\">\n\t\t\t\t\t<div class=\"elementor-column elementor-col-16 elementor-top-column elementor-element elementor-element-dfe2212\" data-id=\"dfe2212\" data-element_type=\"column\">\n\t\t\t<div class=\"elementor-widget-wrap\">\n\t\t\t\t\t\t\t<\/div>\n\t\t<\/div>\n\t\t\t\t<div class=\"elementor-column elementor-col-66 elementor-top-column elementor-element elementor-element-7967dd4\" data-id=\"7967dd4\" data-element_type=\"column\">\n\t\t\t<div class=\"elementor-widget-wrap elementor-element-populated\">\n\t\t\t\t\t\t<div class=\"elementor-element elementor-element-6e881ba elementor-widget elementor-widget-heading\" data-id=\"6e881ba\" data-element_type=\"widget\" data-widget_type=\"heading.default\">\n\t\t\t\t<div class=\"elementor-widget-container\">\n\t\t\t<h3 class=\"elementor-heading-title elementor-size-default\">Planet\u00e1rio Juan Bernardino Marques Barrio disponibilizou para consulta p\u00fablica e digital duas cole\u00e7\u00f5es de distintos assuntos\n\n<\/h3>\t\t<\/div>\n\t\t\t\t<\/div>\n\t\t\t\t<div class=\"elementor-element elementor-element-ef943fb elementor-widget elementor-widget-heading\" data-id=\"ef943fb\" data-element_type=\"widget\" data-widget_type=\"heading.default\">\n\t\t\t\t<div class=\"elementor-widget-container\">\n\t\t\t<h6 class=\"elementor-heading-title elementor-size-default\">COLE\u00c7\u00c3O DE JORNAIS ANTIGOS\n\n<\/h6>\t\t<\/div>\n\t\t\t\t<\/div>\n\t\t\t\t<div class=\"elementor-element elementor-element-5810ac2 elementor-widget elementor-widget-text-editor\" data-id=\"5810ac2\" data-element_type=\"widget\" data-widget_type=\"text-editor.default\">\n\t\t\t\t<div class=\"elementor-widget-container\">\n\t\t\t\t\t\t\t<p><span style=\"font-size: revert;\">Parte do acervo documental pertencente ao Planet\u00e1rio Juan Bernardino Marques Barrio \u00e9 composto por recortes de jornais. Estes recortes formam o chamado clippign (processo cont\u00ednuo de monitoramento e arquivamento de men\u00e7\u00f5es feitas na m\u00eddia a uma determinada marca ou institui\u00e7\u00e3o). As not\u00edcias que comp\u00f5em esta cole\u00e7\u00e3o foram publicadas no per\u00edodo de 1977 a 2005. Diversos temas s\u00e3o encontrados nas not\u00edcias como a divulga\u00e7\u00e3o de novidades da programa\u00e7\u00e3o do Planet\u00e1rio, informes sobre datas e hor\u00e1rios de atendimento ao p\u00fablico, oferta de cursos, repercuss\u00e3o das principais not\u00edcias sobre Astronomia no mundo, entre outros. Tal acervo evidencia o grande interesse que a Astronomia desperta nos indiv\u00edduos, bem como a import\u00e2ncia do Planet\u00e1rio da UFG para a popula\u00e7\u00e3o goiana. A disponibiliza\u00e7\u00e3o desta cole\u00e7\u00e3o neste reposit\u00f3rio virtual permite que futuros pesquisadores tenham acesso a uma importante fonte de pesquisa hist\u00f3rica.<\/span><\/p>\t\t\t\t\t\t<\/div>\n\t\t\t\t<\/div>\n\t\t\t\t<div class=\"elementor-element elementor-element-490fcf4 elementor-widget elementor-widget-heading\" data-id=\"490fcf4\" data-element_type=\"widget\" data-widget_type=\"heading.default\">\n\t\t\t\t<div class=\"elementor-widget-container\">\n\t\t\t<h6 class=\"elementor-heading-title elementor-size-default\">PAISAGENS C\u00d3SMICAS: DA TERRA AO BIG BANG\n\n<\/h6>\t\t<\/div>\n\t\t\t\t<\/div>\n\t\t\t\t<div class=\"elementor-element elementor-element-ca50af1 elementor-widget elementor-widget-text-editor\" data-id=\"ca50af1\" data-element_type=\"widget\" data-widget_type=\"text-editor.default\">\n\t\t\t\t<div class=\"elementor-widget-container\">\n\t\t\t\t\t\t\t<p><span style=\"font-size: revert;\">O Planet\u00e1rio Juan Bernardino Marques Barrio guarda uma cole\u00e7\u00e3o de banners da exposi\u00e7\u00e3o Paisagens C\u00f3smicas: da Terra ao Big Bang. A exposi\u00e7\u00e3o foi reproduzida em diversos planet\u00e1rios em todo o Brasil, por ocasi\u00e3o do Ano Internacional de Astronomia, que ocorreu em 2009. Esta cole\u00e7\u00e3o \u00e9 composta por 20 banners de lona, com dimens\u00f5es de 1,0 x 1,2 m. Em cada banner, composi\u00e7\u00f5es entre fotografias e textos apresentam uma s\u00e9rie de informa\u00e7\u00f5es cient\u00edficas sobre a origem do Universo, a forma\u00e7\u00e3o de gal\u00e1xias, estrelas, planetas e sat\u00e9lites. A curadoria cient\u00edfica e texto final foram de Augusto Damineli e o design gr\u00e1fico e museografia feitos por Miguel Paladino. Contribuiu tamb\u00e9m a administra\u00e7\u00e3o da Rede brasileira IYA 2009, o INAPE (Instituto de Astronomia e Pesquisas Espaciais de Ara\u00e7atuba), al\u00e9m de Universidades, Observat\u00f3rios e Planet\u00e1rios, que fizeram parte da Rede brasileira IYA 2009. Apesar de j\u00e1 estarem desgastados pelo tempo, estes banners atraem o olhar do observador pela beleza das imagens telesc\u00f3picas. Muitas delas s\u00e3o reprodu\u00e7\u00f5es de fotos tiradas pelo telesc\u00f3pio Hubble. <\/span><\/p>\t\t\t\t\t\t<\/div>\n\t\t\t\t<\/div>\n\t\t\t\t\t<\/div>\n\t\t<\/div>\n\t\t\t\t<div class=\"elementor-column elementor-col-16 elementor-top-column elementor-element elementor-element-7d5213b\" data-id=\"7d5213b\" data-element_type=\"column\">\n\t\t\t<div class=\"elementor-widget-wrap\">\n\t\t\t\t\t\t\t<\/div>\n\t\t<\/div>\n\t\t\t\t\t<\/div>\n\t\t<\/section>\n\t\t\t\t<section class=\"elementor-section elementor-top-section elementor-element elementor-element-f01f275 elementor-section-boxed elementor-section-height-default elementor-section-height-default\" data-id=\"f01f275\" data-element_type=\"section\">\n\t\t\t\t\t\t<div class=\"elementor-container elementor-column-gap-default\">\n\t\t\t\t\t<div class=\"elementor-column elementor-col-100 elementor-top-column elementor-element elementor-element-b59b4cc\" data-id=\"b59b4cc\" data-element_type=\"column\">\n\t\t\t<div class=\"elementor-widget-wrap elementor-element-populated\">\n\t\t\t\t\t\t<div class=\"elementor-element elementor-element-71163cc elementor-widget-divider--view-line elementor-widget elementor-widget-divider\" data-id=\"71163cc\" data-element_type=\"widget\" data-widget_type=\"divider.default\">\n\t\t\t\t<div class=\"elementor-widget-container\">\n\t\t\t<style>\/*! elementor - v3.22.0 - 26-06-2024 *\/\n.elementor-widget-divider{--divider-border-style:none;--divider-border-width:1px;--divider-color:#0c0d0e;--divider-icon-size:20px;--divider-element-spacing:10px;--divider-pattern-height:24px;--divider-pattern-size:20px;--divider-pattern-url:none;--divider-pattern-repeat:repeat-x}.elementor-widget-divider .elementor-divider{display:flex}.elementor-widget-divider .elementor-divider__text{font-size:15px;line-height:1;max-width:95%}.elementor-widget-divider .elementor-divider__element{margin:0 var(--divider-element-spacing);flex-shrink:0}.elementor-widget-divider .elementor-icon{font-size:var(--divider-icon-size)}.elementor-widget-divider .elementor-divider-separator{display:flex;margin:0;direction:ltr}.elementor-widget-divider--view-line_icon .elementor-divider-separator,.elementor-widget-divider--view-line_text .elementor-divider-separator{align-items:center}.elementor-widget-divider--view-line_icon .elementor-divider-separator:after,.elementor-widget-divider--view-line_icon .elementor-divider-separator:before,.elementor-widget-divider--view-line_text .elementor-divider-separator:after,.elementor-widget-divider--view-line_text .elementor-divider-separator:before{display:block;content:\"\";border-block-end:0;flex-grow:1;border-block-start:var(--divider-border-width) var(--divider-border-style) var(--divider-color)}.elementor-widget-divider--element-align-left .elementor-divider .elementor-divider-separator>.elementor-divider__svg:first-of-type{flex-grow:0;flex-shrink:100}.elementor-widget-divider--element-align-left .elementor-divider-separator:before{content:none}.elementor-widget-divider--element-align-left .elementor-divider__element{margin-left:0}.elementor-widget-divider--element-align-right .elementor-divider .elementor-divider-separator>.elementor-divider__svg:last-of-type{flex-grow:0;flex-shrink:100}.elementor-widget-divider--element-align-right .elementor-divider-separator:after{content:none}.elementor-widget-divider--element-align-right .elementor-divider__element{margin-right:0}.elementor-widget-divider--element-align-start .elementor-divider .elementor-divider-separator>.elementor-divider__svg:first-of-type{flex-grow:0;flex-shrink:100}.elementor-widget-divider--element-align-start .elementor-divider-separator:before{content:none}.elementor-widget-divider--element-align-start .elementor-divider__element{margin-inline-start:0}.elementor-widget-divider--element-align-end .elementor-divider .elementor-divider-separator>.elementor-divider__svg:last-of-type{flex-grow:0;flex-shrink:100}.elementor-widget-divider--element-align-end .elementor-divider-separator:after{content:none}.elementor-widget-divider--element-align-end .elementor-divider__element{margin-inline-end:0}.elementor-widget-divider:not(.elementor-widget-divider--view-line_text):not(.elementor-widget-divider--view-line_icon) .elementor-divider-separator{border-block-start:var(--divider-border-width) var(--divider-border-style) var(--divider-color)}.elementor-widget-divider--separator-type-pattern{--divider-border-style:none}.elementor-widget-divider--separator-type-pattern.elementor-widget-divider--view-line .elementor-divider-separator,.elementor-widget-divider--separator-type-pattern:not(.elementor-widget-divider--view-line) .elementor-divider-separator:after,.elementor-widget-divider--separator-type-pattern:not(.elementor-widget-divider--view-line) .elementor-divider-separator:before,.elementor-widget-divider--separator-type-pattern:not([class*=elementor-widget-divider--view]) .elementor-divider-separator{width:100%;min-height:var(--divider-pattern-height);-webkit-mask-size:var(--divider-pattern-size) 100%;mask-size:var(--divider-pattern-size) 100%;-webkit-mask-repeat:var(--divider-pattern-repeat);mask-repeat:var(--divider-pattern-repeat);background-color:var(--divider-color);-webkit-mask-image:var(--divider-pattern-url);mask-image:var(--divider-pattern-url)}.elementor-widget-divider--no-spacing{--divider-pattern-size:auto}.elementor-widget-divider--bg-round{--divider-pattern-repeat:round}.rtl .elementor-widget-divider .elementor-divider__text{direction:rtl}.e-con-inner>.elementor-widget-divider,.e-con>.elementor-widget-divider{width:var(--container-widget-width,100%);--flex-grow:var(--container-widget-flex-grow)}<\/style>\t\t<div class=\"elementor-divider\">\n\t\t\t<span class=\"elementor-divider-separator\">\n\t\t\t\t\t\t<\/span>\n\t\t<\/div>\n\t\t\t\t<\/div>\n\t\t\t\t<\/div>\n\t\t\t\t\t<\/div>\n\t\t<\/div>\n\t\t\t\t\t<\/div>\n\t\t<\/section>\n\t\t\t\t<section class=\"elementor-section elementor-top-section elementor-element elementor-element-426ec4e elementor-section-boxed elementor-section-height-default elementor-section-height-default\" data-id=\"426ec4e\" data-element_type=\"section\">\n\t\t\t\t\t\t<div class=\"elementor-container elementor-column-gap-default\">\n\t\t\t\t\t<div class=\"elementor-column elementor-col-50 elementor-top-column elementor-element elementor-element-96d5e36\" data-id=\"96d5e36\" data-element_type=\"column\">\n\t\t\t<div class=\"elementor-widget-wrap elementor-element-populated\">\n\t\t\t\t\t\t<div class=\"elementor-element elementor-element-fd0295d elementor-widget elementor-widget-google_maps\" data-id=\"fd0295d\" data-element_type=\"widget\" data-widget_type=\"google_maps.default\">\n\t\t\t\t<div class=\"elementor-widget-container\">\n\t\t\t<style>\/*! elementor - v3.22.0 - 26-06-2024 *\/\n.elementor-widget-google_maps .elementor-widget-container{overflow:hidden}.elementor-widget-google_maps .elementor-custom-embed{line-height:0}.elementor-widget-google_maps iframe{height:300px}<\/style>\t\t<div class=\"elementor-custom-embed\">\n\t\t\t<iframe loading=\"lazy\"\n\t\t\t\t\tsrc=\"https:\/\/maps.google.com\/maps?q=Planet%C3%A1rio%20UFG&#038;t=m&#038;z=15&#038;output=embed&#038;iwloc=near\"\n\t\t\t\t\ttitle=\"Planet\u00e1rio UFG\"\n\t\t\t\t\taria-label=\"Planet\u00e1rio UFG\"\n\t\t\t><\/iframe>\n\t\t<\/div>\n\t\t\t\t<\/div>\n\t\t\t\t<\/div>\n\t\t\t\t\t<\/div>\n\t\t<\/div>\n\t\t\t\t<div class=\"elementor-column elementor-col-50 elementor-top-column elementor-element elementor-element-4eb9df3\" data-id=\"4eb9df3\" data-element_type=\"column\">\n\t\t\t<div class=\"elementor-widget-wrap elementor-element-populated\">\n\t\t\t\t\t\t<div class=\"elementor-element elementor-element-b9e091e elementor-widget elementor-widget-heading\" data-id=\"b9e091e\" data-element_type=\"widget\" data-widget_type=\"heading.default\">\n\t\t\t\t<div class=\"elementor-widget-container\">\n\t\t\t<h2 class=\"elementor-heading-title elementor-size-default\">Localiza\u00e7\u00e3o<\/h2>\t\t<\/div>\n\t\t\t\t<\/div>\n\t\t\t\t<div class=\"elementor-element elementor-element-6c3102a elementor-widget elementor-widget-text-editor\" data-id=\"6c3102a\" data-element_type=\"widget\" data-widget_type=\"text-editor.default\">\n\t\t\t\t<div class=\"elementor-widget-container\">\n\t\t\t\t\t\t\t<p>O Planet\u00e1rio UFG localiza-se na Av. Contorno n\u00ba 900 &#8211; Parque Mutirama, Setor Central na cidade de Goi\u00e2nia &#8211; Goi\u00e1s.<br \/>CEP 74055 &#8211; 140<br \/>Telefax: (62)\u00a03225-8085\u00a0<br \/>Email:\u00a0<a href=\"mailto:planetario@planetario.ufg.br\">planetario.ufg@gmail.com<\/a><\/p>\t\t\t\t\t\t<\/div>\n\t\t\t\t<\/div>\n\t\t\t\t\t<\/div>\n\t\t<\/div>\n\t\t\t\t\t<\/div>\n\t\t<\/section>\n\t\t\t\t<\/div>\n\t\t","protected":false},"excerpt":{"rendered":"<p>Institucional Apresenta\u00e7\u00e3o O Planet\u00e1rio Juan Bernardino Marques Barrio da Universidade Federal de Goi\u00e1s (UFG) promove atividades de extens\u00e3o educativas, com o aux\u00edlio de recursos t\u00e9cnicos audiovisuais em sua c\u00fapula de 12,5 metros de di\u00e2metro. Tem a orienta\u00e7\u00e3o de professores mestres e doutores do Instituto de Estudos Socioambientais (IESA) da UFG. O projetor Zeiss Spacemaster situado [&hellip;]<\/p>\n","protected":false},"author":1,"featured_media":0,"parent":0,"menu_order":0,"comment_status":"closed","ping_status":"closed","template":"elementor_header_footer","meta":{"footnotes":""},"_links":{"self":[{"href":"https:\/\/acervo.rotas.ufg.br\/planetario\/wp-json\/wp\/v2\/pages\/39"}],"collection":[{"href":"https:\/\/acervo.rotas.ufg.br\/planetario\/wp-json\/wp\/v2\/pages"}],"about":[{"href":"https:\/\/acervo.rotas.ufg.br\/planetario\/wp-json\/wp\/v2\/types\/page"}],"author":[{"embeddable":true,"href":"https:\/\/acervo.rotas.ufg.br\/planetario\/wp-json\/wp\/v2\/users\/1"}],"replies":[{"embeddable":true,"href":"https:\/\/acervo.rotas.ufg.br\/planetario\/wp-json\/wp\/v2\/comments?post=39"}],"version-history":[{"count":49,"href":"https:\/\/acervo.rotas.ufg.br\/planetario\/wp-json\/wp\/v2\/pages\/39\/revisions"}],"predecessor-version":[{"id":14106,"href":"https:\/\/acervo.rotas.ufg.br\/planetario\/wp-json\/wp\/v2\/pages\/39\/revisions\/14106"}],"wp:attachment":[{"href":"https:\/\/acervo.rotas.ufg.br\/planetario\/wp-json\/wp\/v2\/media?parent=39"}],"curies":[{"name":"wp","href":"https:\/\/api.w.org\/{rel}","templated":true}]}}