{"id":16,"date":"2022-05-30T18:37:01","date_gmt":"2022-05-30T21:37:01","guid":{"rendered":"https:\/\/acervo.rotas.ufg.br\/revistas\/?page_id=16"},"modified":"2022-08-28T12:52:45","modified_gmt":"2022-08-28T15:52:45","slug":"inicio","status":"publish","type":"page","link":"https:\/\/acervo.rotas.ufg.br\/revistas\/","title":{"rendered":"Inicio"},"content":{"rendered":"\t\t<div data-elementor-type=\"wp-post\" data-elementor-id=\"16\" class=\"elementor elementor-16\" data-elementor-post-type=\"page\">\n\t\t\t\t\t\t<section class=\"elementor-section elementor-top-section elementor-element elementor-element-0db1b27 elementor-section-full_width elementor-section-height-default elementor-section-height-default\" data-id=\"0db1b27\" data-element_type=\"section\">\n\t\t\t\t\t\t<div class=\"elementor-container elementor-column-gap-default\">\n\t\t\t\t\t<div class=\"elementor-column elementor-col-100 elementor-top-column elementor-element elementor-element-fdad8ca\" data-id=\"fdad8ca\" data-element_type=\"column\">\n\t\t\t<div class=\"elementor-widget-wrap elementor-element-populated\">\n\t\t\t\t\t\t<div class=\"elementor-element elementor-element-9cd51a4 elementor-widget elementor-widget-image\" data-id=\"9cd51a4\" data-element_type=\"widget\" data-widget_type=\"image.default\">\n\t\t\t\t<div class=\"elementor-widget-container\">\n\t\t\t<style>\/*! elementor - v3.22.0 - 26-06-2024 *\/\n.elementor-widget-image{text-align:center}.elementor-widget-image a{display:inline-block}.elementor-widget-image a img[src$=\".svg\"]{width:48px}.elementor-widget-image img{vertical-align:middle;display:inline-block}<\/style>\t\t\t\t\t\t\t\t\t\t\t<a href=\"https:\/\/acervo.rotas.ufg.br\/revistas\/wp-content\/uploads\/sites\/18\/2022\/07\/cropped-Banner-Periodicos-1024x414-1-1.png\" data-elementor-open-lightbox=\"yes\" data-elementor-lightbox-title=\"Banner Periodicos-1024x414\" data-elementor-lightbox-description=\"https:\/\/acervo.rotas.ufg.br\/revistas\/wp-content\/uploads\/sites\/18\/2022\/07\/cropped-Banner-Periodicos-1024x414-1-1.png\" data-e-action-hash=\"#elementor-action%3Aaction%3Dlightbox%26settings%3DeyJpZCI6IjE2NjQiLCJ1cmwiOiJodHRwczpcL1wvYWNlcnZvLnJvdGFzLnVmZy5iclwvcmV2aXN0YXNcL3dwLWNvbnRlbnRcL3VwbG9hZHNcL3NpdGVzXC8xOFwvMjAyMlwvMDdcL2Nyb3BwZWQtQmFubmVyLVBlcmlvZGljb3MtMTAyNHg0MTQtMS0xLnBuZyJ9\">\n\t\t\t\t\t\t\t<img fetchpriority=\"high\" decoding=\"async\" width=\"1024\" height=\"320\" src=\"https:\/\/acervo.rotas.ufg.br\/revistas\/wp-content\/uploads\/sites\/18\/2022\/07\/cropped-Banner-Periodicos-1024x414-1-1-1024x320.png\" class=\"attachment-large size-large wp-image-1664\" alt=\"\" srcset=\"https:\/\/acervo.rotas.ufg.br\/revistas\/wp-content\/uploads\/sites\/18\/2022\/07\/cropped-Banner-Periodicos-1024x414-1-1-1024x320.png 1024w, https:\/\/acervo.rotas.ufg.br\/revistas\/wp-content\/uploads\/sites\/18\/2022\/07\/cropped-Banner-Periodicos-1024x414-1-1-300x94.png 300w, https:\/\/acervo.rotas.ufg.br\/revistas\/wp-content\/uploads\/sites\/18\/2022\/07\/cropped-Banner-Periodicos-1024x414-1-1-768x240.png 768w, https:\/\/acervo.rotas.ufg.br\/revistas\/wp-content\/uploads\/sites\/18\/2022\/07\/cropped-Banner-Periodicos-1024x414-1-1-1536x480.png 1536w, https:\/\/acervo.rotas.ufg.br\/revistas\/wp-content\/uploads\/sites\/18\/2022\/07\/cropped-Banner-Periodicos-1024x414-1-1-205x64.png 205w, https:\/\/acervo.rotas.ufg.br\/revistas\/wp-content\/uploads\/sites\/18\/2022\/07\/cropped-Banner-Periodicos-1024x414-1-1.png 2000w\" sizes=\"(max-width: 1024px) 100vw, 1024px\" \/>\t\t\t\t\t\t\t\t<\/a>\n\t\t\t\t\t\t\t\t\t\t\t\t\t<\/div>\n\t\t\t\t<\/div>\n\t\t\t\t\t<\/div>\n\t\t<\/div>\n\t\t\t\t\t<\/div>\n\t\t<\/section>\n\t\t\t\t<section class=\"elementor-section elementor-top-section elementor-element elementor-element-9ba987c elementor-section-boxed elementor-section-height-default elementor-section-height-default\" data-id=\"9ba987c\" data-element_type=\"section\">\n\t\t\t\t\t\t<div class=\"elementor-container elementor-column-gap-default\">\n\t\t\t\t\t<div class=\"elementor-column elementor-col-100 elementor-top-column elementor-element elementor-element-f33d0b9\" data-id=\"f33d0b9\" data-element_type=\"column\">\n\t\t\t<div class=\"elementor-widget-wrap elementor-element-populated\">\n\t\t\t\t\t\t<div class=\"elementor-element elementor-element-b7e49a4 elementor-widget elementor-widget-heading\" data-id=\"b7e49a4\" data-element_type=\"widget\" data-widget_type=\"heading.default\">\n\t\t\t\t<div class=\"elementor-widget-container\">\n\t\t\t<style>\/*! elementor - v3.22.0 - 26-06-2024 *\/\n.elementor-heading-title{padding:0;margin:0;line-height:1}.elementor-widget-heading .elementor-heading-title[class*=elementor-size-]>a{color:inherit;font-size:inherit;line-height:inherit}.elementor-widget-heading .elementor-heading-title.elementor-size-small{font-size:15px}.elementor-widget-heading .elementor-heading-title.elementor-size-medium{font-size:19px}.elementor-widget-heading .elementor-heading-title.elementor-size-large{font-size:29px}.elementor-widget-heading .elementor-heading-title.elementor-size-xl{font-size:39px}.elementor-widget-heading .elementor-heading-title.elementor-size-xxl{font-size:59px}<\/style><h2 class=\"elementor-heading-title elementor-size-default\">NOVIDADES<\/h2>\t\t<\/div>\n\t\t\t\t<\/div>\n\t\t\t\t\t<\/div>\n\t\t<\/div>\n\t\t\t\t\t<\/div>\n\t\t<\/section>\n\t\t\t\t<section class=\"elementor-section elementor-top-section elementor-element elementor-element-800e705 elementor-section-boxed elementor-section-height-default elementor-section-height-default\" data-id=\"800e705\" data-element_type=\"section\">\n\t\t\t\t\t\t<div class=\"elementor-container elementor-column-gap-default\">\n\t\t\t\t\t<div class=\"elementor-column elementor-col-50 elementor-top-column elementor-element elementor-element-0443c26\" data-id=\"0443c26\" data-element_type=\"column\">\n\t\t\t<div class=\"elementor-widget-wrap elementor-element-populated\">\n\t\t\t\t\t\t<div class=\"elementor-element elementor-element-f6b4d36 elementor-widget elementor-widget-image\" data-id=\"f6b4d36\" data-element_type=\"widget\" data-widget_type=\"image.default\">\n\t\t\t\t<div class=\"elementor-widget-container\">\n\t\t\t\t\t\t\t\t\t\t\t\t\t\t<a href=\"https:\/\/acervo.rotas.ufg.br\/revistas\/periodicos\/\">\n\t\t\t\t\t\t\t<img decoding=\"async\" width=\"768\" height=\"889\" src=\"https:\/\/acervo.rotas.ufg.br\/revistas\/wp-content\/uploads\/sites\/18\/2022\/08\/Noticia1-6-768x889.png\" class=\"attachment-medium_large size-medium_large wp-image-1830\" alt=\"\" srcset=\"https:\/\/acervo.rotas.ufg.br\/revistas\/wp-content\/uploads\/sites\/18\/2022\/08\/Noticia1-6-768x889.png 768w, https:\/\/acervo.rotas.ufg.br\/revistas\/wp-content\/uploads\/sites\/18\/2022\/08\/Noticia1-6-259x300.png 259w, https:\/\/acervo.rotas.ufg.br\/revistas\/wp-content\/uploads\/sites\/18\/2022\/08\/Noticia1-6-885x1024.png 885w, https:\/\/acervo.rotas.ufg.br\/revistas\/wp-content\/uploads\/sites\/18\/2022\/08\/Noticia1-6-1327x1536.png 1327w, https:\/\/acervo.rotas.ufg.br\/revistas\/wp-content\/uploads\/sites\/18\/2022\/08\/Noticia1-6-205x237.png 205w, https:\/\/acervo.rotas.ufg.br\/revistas\/wp-content\/uploads\/sites\/18\/2022\/08\/Noticia1-6.png 1440w\" sizes=\"(max-width: 768px) 100vw, 768px\" \/>\t\t\t\t\t\t\t\t<\/a>\n\t\t\t\t\t\t\t\t\t\t\t\t\t<\/div>\n\t\t\t\t<\/div>\n\t\t\t\t<div class=\"elementor-element elementor-element-b6c9c9d elementor-widget elementor-widget-text-editor\" data-id=\"b6c9c9d\" data-element_type=\"widget\" data-widget_type=\"text-editor.default\">\n\t\t\t\t<div class=\"elementor-widget-container\">\n\t\t\t<style>\/*! elementor - v3.22.0 - 26-06-2024 *\/\n.elementor-widget-text-editor.elementor-drop-cap-view-stacked .elementor-drop-cap{background-color:#69727d;color:#fff}.elementor-widget-text-editor.elementor-drop-cap-view-framed .elementor-drop-cap{color:#69727d;border:3px solid;background-color:transparent}.elementor-widget-text-editor:not(.elementor-drop-cap-view-default) .elementor-drop-cap{margin-top:8px}.elementor-widget-text-editor:not(.elementor-drop-cap-view-default) .elementor-drop-cap-letter{width:1em;height:1em}.elementor-widget-text-editor .elementor-drop-cap{float:left;text-align:center;line-height:1;font-size:50px}.elementor-widget-text-editor .elementor-drop-cap-letter{display:inline-block}<\/style>\t\t\t\t<p style=\"text-align: left\">Inclus\u00e3o do acervo online do Portal de Peri\u00f3dicos da UFG no Portal Rotas do Conhecimento.<\/p>\n<p style=\"text-align: left\">O Portal de Peri\u00f3dicos da UFG \u00e9 um projeto da Pr\u00f3-Reitoria de P\u00f3s-Gradua\u00e7\u00e3o PRPG em parceria com a Biblioteca Central, possui como miss\u00e3o a democratiza\u00e7\u00e3o e livre acesso \u00e0 produ\u00e7\u00e3o cient\u00edfica. O Portal utiliza o Open Journal Systems (OJS), uma ferramenta de gest\u00e3o e publica\u00e7\u00e3o de revistas eletr\u00f4nicas. O OJS utilizado pelo Portal foi traduzido e customizado pelo Instituto Brasileiro de Informa\u00e7\u00e3o em Ci\u00eancia e Tecnologia (IBICT), baseado no software Open Journal Systems (OJS), desenvolvido pelo Public Knowledge Project (PKP).&nbsp;<\/p>\t\t\t\t\t\t<\/div>\n\t\t\t\t<\/div>\n\t\t\t\t\t<\/div>\n\t\t<\/div>\n\t\t\t\t<div class=\"elementor-column elementor-col-50 elementor-top-column elementor-element elementor-element-62b3c9c\" data-id=\"62b3c9c\" data-element_type=\"column\">\n\t\t\t<div class=\"elementor-widget-wrap elementor-element-populated\">\n\t\t\t\t\t\t<div class=\"elementor-element elementor-element-91e121d elementor-widget elementor-widget-image\" data-id=\"91e121d\" data-element_type=\"widget\" data-widget_type=\"image.default\">\n\t\t\t\t<div class=\"elementor-widget-container\">\n\t\t\t\t\t\t\t\t\t\t\t\t\t\t<a href=\"https:\/\/rotas.ufg.br\/\">\n\t\t\t\t\t\t\t<img decoding=\"async\" width=\"632\" height=\"731\" src=\"https:\/\/acervo.rotas.ufg.br\/revistas\/wp-content\/uploads\/sites\/18\/2022\/08\/lancamento-rotas-9.png\" class=\"attachment-medium_large size-medium_large wp-image-1824\" alt=\"\" srcset=\"https:\/\/acervo.rotas.ufg.br\/revistas\/wp-content\/uploads\/sites\/18\/2022\/08\/lancamento-rotas-9.png 632w, https:\/\/acervo.rotas.ufg.br\/revistas\/wp-content\/uploads\/sites\/18\/2022\/08\/lancamento-rotas-9-259x300.png 259w, https:\/\/acervo.rotas.ufg.br\/revistas\/wp-content\/uploads\/sites\/18\/2022\/08\/lancamento-rotas-9-205x237.png 205w\" sizes=\"(max-width: 632px) 100vw, 632px\" \/>\t\t\t\t\t\t\t\t<\/a>\n\t\t\t\t\t\t\t\t\t\t\t\t\t<\/div>\n\t\t\t\t<\/div>\n\t\t\t\t<div class=\"elementor-element elementor-element-1893d65 elementor-widget elementor-widget-text-editor\" data-id=\"1893d65\" data-element_type=\"widget\" data-widget_type=\"text-editor.default\">\n\t\t\t\t<div class=\"elementor-widget-container\">\n\t\t\t\t\t\t\t<p style=\"text-align: left\">Lan\u00e7amento do Portal Rotas do Conhecimento da UFG.<\/p><p style=\"text-align: left\">O projeto Rotas do Conhecimento se trata de um reposit\u00f3rio digital composto por diversos acervos de museus e laborat\u00f3rios da Universidade Federal de Goi\u00e1s (UFG), que visa propiciar aos usu\u00e1rios uma navega\u00e7\u00e3o intuitiva e f\u00e1cil para que possam conhecer a estrutura da universidade na produ\u00e7\u00e3o cient\u00edfica, divulga\u00e7\u00e3o e populariza\u00e7\u00e3o da ci\u00eancia. Atuando tamb\u00e9m como um portal de acesso a acervos e oportunidades formativas voltadas, em particular, para a rede de educa\u00e7\u00e3o b\u00e1sica goiana (professores, gestores e estudantes), mas tamb\u00e9m \u00e0 comunidade em geral.<\/p>\t\t\t\t\t\t<\/div>\n\t\t\t\t<\/div>\n\t\t\t\t\t<\/div>\n\t\t<\/div>\n\t\t\t\t\t<\/div>\n\t\t<\/section>\n\t\t\t\t<section class=\"elementor-section elementor-top-section elementor-element elementor-element-19ad6b4 elementor-section-boxed elementor-section-height-default elementor-section-height-default\" data-id=\"19ad6b4\" data-element_type=\"section\">\n\t\t\t\t\t\t<div class=\"elementor-container elementor-column-gap-default\">\n\t\t\t\t\t<div class=\"elementor-column elementor-col-100 elementor-top-column elementor-element elementor-element-ddb218b\" data-id=\"ddb218b\" data-element_type=\"column\">\n\t\t\t<div class=\"elementor-widget-wrap elementor-element-populated\">\n\t\t\t\t\t\t<div class=\"elementor-element elementor-element-ea1119b elementor-widget elementor-widget-heading\" data-id=\"ea1119b\" data-element_type=\"widget\" data-widget_type=\"heading.default\">\n\t\t\t\t<div class=\"elementor-widget-container\">\n\t\t\t<h2 class=\"elementor-heading-title elementor-size-default\">ACERVO<\/h2>\t\t<\/div>\n\t\t\t\t<\/div>\n\t\t\t\t\t<\/div>\n\t\t<\/div>\n\t\t\t\t\t<\/div>\n\t\t<\/section>\n\t\t\t\t<section class=\"elementor-section elementor-top-section elementor-element elementor-element-736c566 elementor-section-boxed elementor-section-height-default elementor-section-height-default\" data-id=\"736c566\" data-element_type=\"section\">\n\t\t\t\t\t\t<div class=\"elementor-container elementor-column-gap-default\">\n\t\t\t\t\t<div class=\"elementor-column elementor-col-100 elementor-top-column elementor-element elementor-element-bb5189f\" data-id=\"bb5189f\" data-element_type=\"column\">\n\t\t\t<div class=\"elementor-widget-wrap elementor-element-populated\">\n\t\t\t\t\t\t<div class=\"elementor-element elementor-element-d3c7311 elementor-widget elementor-widget-image\" data-id=\"d3c7311\" data-element_type=\"widget\" data-widget_type=\"image.default\">\n\t\t\t\t<div class=\"elementor-widget-container\">\n\t\t\t\t\t\t\t\t\t\t\t\t\t\t<a href=\"https:\/\/acervo.rotas.ufg.br\/revistas\/periodicos\/?view_mode=masonry&#038;perpage=12&#038;paged=1&#038;order=ASC&#038;orderby=date&#038;fetch_only=thumbnail%2Ccreation_date%2Ctitle%2Cdescription&#038;fetch_only_meta=\">\n\t\t\t\t\t\t\t<img loading=\"lazy\" decoding=\"async\" width=\"1024\" height=\"209\" src=\"https:\/\/acervo.rotas.ufg.br\/revistas\/wp-content\/uploads\/sites\/18\/2022\/05\/Acervos-1024x209.png\" class=\"attachment-large size-large wp-image-168\" alt=\"\" srcset=\"https:\/\/acervo.rotas.ufg.br\/revistas\/wp-content\/uploads\/sites\/18\/2022\/05\/Acervos-1024x209.png 1024w, https:\/\/acervo.rotas.ufg.br\/revistas\/wp-content\/uploads\/sites\/18\/2022\/05\/Acervos-300x61.png 300w, https:\/\/acervo.rotas.ufg.br\/revistas\/wp-content\/uploads\/sites\/18\/2022\/05\/Acervos-768x157.png 768w, https:\/\/acervo.rotas.ufg.br\/revistas\/wp-content\/uploads\/sites\/18\/2022\/05\/Acervos-205x42.png 205w, https:\/\/acervo.rotas.ufg.br\/revistas\/wp-content\/uploads\/sites\/18\/2022\/05\/Acervos.png 1125w\" sizes=\"(max-width: 1024px) 100vw, 1024px\" \/>\t\t\t\t\t\t\t\t<\/a>\n\t\t\t\t\t\t\t\t\t\t\t\t\t<\/div>\n\t\t\t\t<\/div>\n\t\t\t\t\t<\/div>\n\t\t<\/div>\n\t\t\t\t\t<\/div>\n\t\t<\/section>\n\t\t\t\t<\/div>\n\t\t","protected":false},"excerpt":{"rendered":"<p>\/*! elementor &#8211; v3.6.5 &#8211; 27-04-2022 *\/ .elementor-widget-image{text-align:center}.elementor-widget-image a{display:inline-block}.elementor-widget-image a img[src$=&#8221;.svg&#8221;]{width:48px}.elementor-widget-image img{vertical-align:middle;display:inline-block} \/*! elementor &#8211; v3.6.5 &#8211; 27-04-2022 *\/ .elementor-heading-title{padding:0;margin:0;line-height:1}.elementor-widget-heading .elementor-heading-title[class*=elementor-size-]&gt;a{color:inherit;font-size:inherit;line-height:inherit}.elementor-widget-heading .elementor-heading-title.elementor-size-small{font-size:15px}.elementor-widget-heading .elementor-heading-title.elementor-size-medium{font-size:19px}.elementor-widget-heading .elementor-heading-title.elementor-size-large{font-size:29px}.elementor-widget-heading .elementor-heading-title.elementor-size-xl{font-size:39px}.elementor-widget-heading .elementor-heading-title.elementor-size-xxl{font-size:59px} NOVIDADES Inclus\u00e3o do acervo online do Portal de Peri\u00f3dicos da UFG no Portal Rotas do Conhecimento. O Portal de Peri\u00f3dicos da UFG \u00e9 um projeto da Pr\u00f3-Reitoria de P\u00f3s-Gradua\u00e7\u00e3o [&hellip;]<\/p>\n","protected":false},"author":1,"featured_media":0,"parent":0,"menu_order":0,"comment_status":"closed","ping_status":"closed","template":"elementor_header_footer","meta":{"footnotes":""},"_links":{"self":[{"href":"https:\/\/acervo.rotas.ufg.br\/revistas\/wp-json\/wp\/v2\/pages\/16"}],"collection":[{"href":"https:\/\/acervo.rotas.ufg.br\/revistas\/wp-json\/wp\/v2\/pages"}],"about":[{"href":"https:\/\/acervo.rotas.ufg.br\/revistas\/wp-json\/wp\/v2\/types\/page"}],"author":[{"embeddable":true,"href":"https:\/\/acervo.rotas.ufg.br\/revistas\/wp-json\/wp\/v2\/users\/1"}],"replies":[{"embeddable":true,"href":"https:\/\/acervo.rotas.ufg.br\/revistas\/wp-json\/wp\/v2\/comments?post=16"}],"version-history":[{"count":169,"href":"https:\/\/acervo.rotas.ufg.br\/revistas\/wp-json\/wp\/v2\/pages\/16\/revisions"}],"predecessor-version":[{"id":1860,"href":"https:\/\/acervo.rotas.ufg.br\/revistas\/wp-json\/wp\/v2\/pages\/16\/revisions\/1860"}],"wp:attachment":[{"href":"https:\/\/acervo.rotas.ufg.br\/revistas\/wp-json\/wp\/v2\/media?parent=16"}],"curies":[{"name":"wp","href":"https:\/\/api.w.org\/{rel}","templated":true}]}}